{"id":28793,"date":"2017-07-20T17:43:14","date_gmt":"2017-07-20T15:43:14","guid":{"rendered":"http:\/\/www.lisasmirnova.com\/de\/?page_id=28793"},"modified":"2019-04-15T15:28:46","modified_gmt":"2019-04-15T13:28:46","slug":"biografie-new-classic-ensemble-wien","status":"publish","type":"page","link":"https:\/\/www.lisasmirnova.com\/de\/biografie-new-classic-ensemble-wien\/","title":{"rendered":"Biografie New Classic Ensemble Wien"},"content":{"rendered":"<p>[et_pb_section bb_built=&#8220;1&#8243; admin_label=&#8220;Headersection&#8220; background_color=&#8220;#ffffff&#8220; padding_mobile=&#8220;off&#8220; collapsed=&#8220;off&#8220; background_image=&#8220;https:\/\/www.lisasmirnova.com\/de\/wp-content\/uploads\/2017\/07\/New_Classic_Ensemble_Wien.jpg&#8220; module_id=&#8220;dotover&#8220; _builder_version=&#8220;3.0.62&#8243; background_position=&#8220;top_center&#8220;][et_pb_row admin_label=&#8220;Row&#8220; make_fullwidth=&#8220;off&#8220; use_custom_width=&#8220;off&#8220; width_unit=&#8220;on&#8220; use_custom_gutter=&#8220;off&#8220; custom_padding=&#8220;10%||5%|&#8220; padding_mobile=&#8220;off&#8220; allow_player_pause=&#8220;off&#8220; parallax=&#8220;off&#8220; parallax_method=&#8220;off&#8220; make_equal=&#8220;off&#8220; parallax_1=&#8220;off&#8220; parallax_method_1=&#8220;off&#8220; column_padding_mobile=&#8220;on&#8220; background_position=&#8220;top_left&#8220; background_repeat=&#8220;repeat&#8220; background_size=&#8220;initial&#8220;][et_pb_column type=&#8220;1_2&#8243;][\/et_pb_column][et_pb_column type=&#8220;1_2&#8243;][et_pb_divider _builder_version=&#8220;3.0.62&#8243; divider_style=&#8220;solid&#8220; divider_position=&#8220;top&#8220; height=&#8220;200&#8243; hide_on_mobile=&#8220;on&#8220; \/][\/et_pb_column][\/et_pb_row][\/et_pb_section][et_pb_section bb_built=&#8220;1&#8243; fullwidth=&#8220;off&#8220; specialty=&#8220;off&#8220;][et_pb_row _builder_version=&#8220;3.0.62&#8243;][et_pb_column type=&#8220;1_3&#8243;][\/et_pb_column][et_pb_column type=&#8220;2_3&#8243;][et_pb_text admin_label=&#8220;Kurzbiografie New Classic Ensemble Wien&#8220; _builder_version=&#8220;3.0.62&#8243; background_layout=&#8220;light&#8220; text_orientation=&#8220;left&#8220; border_style=&#8220;solid&#8220;]<\/p>\n<h1>New Classic Ensemble Wien<\/h1>\n<p>Aus dem stetig wachsenden Wunsch, ein historisch informiertes, transparentes und homogenes Klangbild mit dem modernen Fl\u00fcgel, und einer den klassischen Werken angemessenen Besetzung besser gestalten zu k\u00f6nnen, gr\u00fcndete Pianistin Lisa Smirnova, 2007 das New Classic Ensemble Wien, mit dem sie seitdem viele ihrer k\u00fcnstlerischen Projekte realisiert.<\/p>\n<p>Das Programm des Ensembles setzt sich aus den Eckpunkten in Lisa Smirnova\u2019s Repertoire zusammen &#8211; Klavierkonzerte barocker und klassischer Meister. Diese Werke werden in kleiner Besetzung aufgef\u00fchrt und mit Kammermusik verschiedener Epochen, einschlie\u00dflich Auftragskompositionen, kombiniert. Die Musiker legen h\u00f6chsten Wert auf Pr\u00e4zision und Authentizit\u00e4t des Ausdrucks, sind aber ebenso begierig, Freir\u00e4ume f\u00fcr Kreativit\u00e4t, Improvisation und Lebendigkeit entstehen zu lassen.<\/p>\n<p>[\/et_pb_text][\/et_pb_column][\/et_pb_row][et_pb_row _builder_version=&#8220;3.0.62&#8243;][et_pb_column type=&#8220;1_3&#8243;][\/et_pb_column][et_pb_column type=&#8220;2_3&#8243;][et_pb_text admin_label=&#8220;Kuenstler New Classic Ensemble Wien&#8220; _builder_version=&#8220;3.0.62&#8243; background_layout=&#8220;light&#8220; text_orientation=&#8220;left&#8220; border_style=&#8220;solid&#8220;]<\/p>\n<p><strong>BENJAMIN ZIERVOGEL<\/strong><strong>, 1. Violine. <\/strong>Studium in Klagenfurt bei\u00a0 Prof. Brian Finlayson, sp\u00e4ter in Bern bei Benjamin Schmid, gefolgt von Kammermusikstudium bei G\u00fcnter Pichler in Madrid. Meisterkurse u. a. bei Igor Ozim, Isaac Stern, Gerhard Schulz, Philip Setzer, Joel Krosnick, David Finckel. Erster Geiger beim Acies Quartet, Konzertmeister bei RTV Symphony Orchestra Slovenia, Gast-Konzertmeister beim China National Symphony Orchestra und breite internationale Kammermusikt\u00e4tigkeit, u. a. mit Solisten der Wiener Philharmoniker.\u00a0 Aufnahmen von zahlreichen Streichquartetten beim Label Gramola. Benjamin Ziervogel spielt eine Violine Dominicus Montagnana sub signus Cremonae Venetiis 1727, eine Leihgabe der \u00d6sterreichischen Nationalbank.<\/p>\n<p><strong>WERNER NEUGEBAUER<\/strong><strong>, 2. Violine. <\/strong>1967 in Graz geboren, Studien in Salzburg und Wien, sowie intensive Besch\u00e4ftigung mit der Barockgeige. Mitglied des Hyperion Ensembles und der Camerata Salzburg. Lehrender an der Universit\u00e4t Mozarteum Salzburg und an der Bruckner Universit\u00e4t Linz. Neugebauer spielt auf einer Violine von Francesco Ruggieri, 1696, eine gro\u00dfz\u00fcgigie Leihgabe des F\u00fcrsten Starhemberg.<\/p>\n<p><strong>FIRMIAN LERMER<\/strong><strong>, Viola. <\/strong>1968 in Wildthurn geboren, studierte in Salzburg und Wien. Mitglied des Hyperion Ensembles, Lehrender am der Universit\u00e4t Mozarteum Salzburg. Konzertiert als Kammermusiker in ganz Europa, u. a. Lockenhaus oder Salzburger Festspiele. Er unterrichtet am Konservatorium des Landes Tirol und am Haydnkonservatorium in Eisenstadt. Seine Viola ist von Laurentius Storioni, 1797.<\/p>\n<p><strong>DETLEF MIELKE<\/strong><strong>, Cello.<\/strong> 1967 in Deutschland geboren. Studium in Salzburg bei Heidi Litschauer, in Basel bei Heinrich Schiff und in Graz bei Rudolf Leopold. 1991 Verleihung des F\u00f6rderpreises der Stadt Goslar. Mitglied des <a href=\"http:\/\/www.hyperion-ensemble.com\" target=\"_blank\" rel=\"noopener noreferrer\">Hyperion-Ensembles<\/a>. Mitglied des <a href=\"http:\/\/www.dreizunull.at\" target=\"_blank\" rel=\"noopener noreferrer\">Klaviertrios 3:0<\/a>. Seit 2010 Solocellist des <a href=\"http:\/\/www.sov.at\" target=\"_blank\" rel=\"noopener noreferrer\">Symphonieorchesters Vorarlberg<\/a>. Seit 1996 Leitung einer Klasse f\u00fcr Violoncello am Musikum-Salzburg.<strong><br \/>\n<\/strong><\/p>\n<p><strong>HERWIG NEUGEBAUER<\/strong><strong>, Kontrabass. <\/strong>1965 in Graz geboren, Studium in Graz und Wien. Intensive Besch\u00e4ftigung mit dem Barock-Continuo und der Wiener Schule, sowie allen Genres der Improvisation. Freischaffender Musiker u. a. mit dem Hyperion Ensemble, der Camerata Salzburg, sowie wie mit Musikerinnen und Musikern des Jazz und der Improvisation.<\/p>\n<p>[\/et_pb_text][et_pb_cta admin_label=&#8220;download&#8220; url_new_window=&#8220;on&#8220; use_background_color=&#8220;off&#8220; background_color=&#8220;#fcbf00&#8243; background_layout=&#8220;light&#8220; header_font_size_last_edited=&#8220;on|phone&#8220; border_style=&#8220;solid&#8220; custom_button=&#8220;on&#8220; button_letter_spacing=&#8220;2&#8243; button_use_icon=&#8220;on&#8220; button_icon_placement=&#8220;right&#8220; button_letter_spacing_hover=&#8220;2&#8243; header_font_size=&#8220;38&#8243; header_font_size_phone=&#8220;30&#8243; module_id=&#8220;toptext&#8220; button_border_radius=&#8220;0&#8243; button_url=&#8220;https:\/\/www.lisasmirnova.com\/de\/wp-content\/uploads\/2017\/10\/New-Classic-Ensemble-DE.zip&#8220; button_text=&#8220;Download Biographie und Bildmaterial&#8220; button_text_color=&#8220;#ffffff&#8220; button_bg_color=&#8220;#2b2c2a&#8220; button_border_color=&#8220;#2b2c2a&#8220; button_text_color_hover=&#8220;#2b2c2a&#8220; button_bg_color_hover=&#8220;rgba(0,0,0,0)&#8220; button_border_color_hover=&#8220;#2b2c2a&#8220; header_font_size_tablet=&#8220;34&#8243; button_text_size=&#8220;17&#8243; button_font=&#8220;Oswald|||on|&#8220; header_text_color=&#8220;#494949&#8243; body_text_color=&#8220;#666666&#8243; button_icon=&#8220;%%24%%&#8220; custom_css_promo_title=&#8220;font-weight: 800;&#8220; header_font=&#8220;Open Sans|||on|&#8220; header_line_height=&#8220;1.4em&#8220; body_font=&#8220;Open Sans||||&#8220; body_font_size=&#8220;16&#8243; body_line_height=&#8220;1.5em&#8220; button_border_radius_hover=&#8220;0&#8243; background_position=&#8220;top_left&#8220; background_repeat=&#8220;repeat&#8220; background_size=&#8220;initial&#8220; _builder_version=&#8220;3.0.62&#8243; max_width=&#8220;100%&#8220; \/][\/et_pb_column][\/et_pb_row][\/et_pb_section][et_pb_section bb_built=&#8220;1&#8243; fullwidth=&#8220;off&#8220; specialty=&#8220;off&#8220; _builder_version=&#8220;3.0.62&#8243; background_color=&#8220;#232323&#8243;][et_pb_row _builder_version=&#8220;3.0.62&#8243; background_position_1=&#8220;top_left&#8220; background_repeat_1=&#8220;no-repeat&#8220; background_position_2=&#8220;top_left&#8220; background_repeat_2=&#8220;no-repeat&#8220; background_position_3=&#8220;top_left&#8220; background_repeat_3=&#8220;no-repeat&#8220; background_position_4=&#8220;top_left&#8220; background_repeat_4=&#8220;no-repeat&#8220; background_position=&#8220;top_left&#8220; background_repeat=&#8220;repeat&#8220; background_size=&#8220;initial&#8220; global_module=&#8220;28935&#8243;][et_pb_column type=&#8220;1_4&#8243;][et_pb_text admin_label=&#8220;folge lisa&#8220; global_parent=&#8220;28935&#8243; background_layout=&#8220;dark&#8220; text_orientation=&#8220;left&#8220; border_style=&#8220;solid&#8220; text_font=&#8220;Oswald|||on|&#8220; text_font_size=&#8220;16&#8243; text_letter_spacing=&#8220;2px&#8220; text_text_color=&#8220;#ffffff&#8220; background_position=&#8220;top_left&#8220; background_repeat=&#8220;repeat&#8220; background_size=&#8220;initial&#8220; _builder_version=&#8220;3.0.62&#8243;]<\/p>\n<p>Folge Lisa Smirnova<\/p>\n<p>[\/et_pb_text][et_pb_social_media_follow admin_label=&#8220;Social Media Follow&#8220; global_parent=&#8220;28935&#8243; link_shape=&#8220;circle&#8220; background_layout=&#8220;dark&#8220; url_new_window=&#8220;off&#8220; follow_button=&#8220;off&#8220; module_id=&#8220;toptext&#8220; custom_css_main_element=&#8220;margin: 1% auto;&#8220; _builder_version=&#8220;3.0.62&#8243;]<\/p>\n<p>[et_pb_social_media_follow_network social_network=&#8220;facebook&#8220; url=&#8220;https:\/\/www.facebook.com\/LisaSmirnovaPianist&#8220; skype_action=&#8220;call&#8220; bg_color=&#8220;#750050&#8243;] Facebook [\/et_pb_social_media_follow_network][et_pb_social_media_follow_network social_network=&#8220;youtube&#8220; url=&#8220;https:\/\/www.youtube.com\/channel\/UCSrZyJCKHUcRacsd3pV3RHg\/videos&#8220; skype_action=&#8220;call&#8220; bg_color=&#8220;#750050&#8243;] Youtube [\/et_pb_social_media_follow_network]<\/p>\n<p>[\/et_pb_social_media_follow][\/et_pb_column][et_pb_column type=&#8220;1_4&#8243;][et_pb_text admin_label=&#8220;europa&#8220; global_parent=&#8220;28935&#8243; _builder_version=&#8220;3.0.62&#8243; background_layout=&#8220;light&#8220; text_orientation=&#8220;left&#8220; text_font_size=&#8220;13&#8243; header_font_size=&#8220;14px&#8220; border_style=&#8220;solid&#8220;]<\/p>\n<p><strong>EUROPA<\/strong><br \/>\nChristiane Gonzalez Mayoral<strong><br \/>\n<\/strong>K\u00fcnstlermanagement<br \/>\nKrummgasse 14\/8,<br \/>\n1030 Wien \/ \u00d6sterreich<br \/>\nTelefon: +43 (676) 646 47 05<br \/>\n<a href=\"mailto:office@mayoral-artists.com\" target=\"_blank\" rel=\"noopener noreferrer\">office@mayoral-artists.com<\/a><\/p>\n<p>[\/et_pb_text][\/et_pb_column][et_pb_column type=&#8220;1_4&#8243;][et_pb_text admin_label=&#8220;europa orchester&#8220; global_parent=&#8220;28935&#8243; _builder_version=&#8220;3.0.62&#8243; background_layout=&#8220;light&#8220; text_orientation=&#8220;left&#8220; text_font_size=&#8220;13&#8243; header_font_size=&#8220;14px&#8220; border_style=&#8220;solid&#8220;]<\/p>\n<p><strong>ORCHESTER TOURNEEN<\/strong><br \/>\nSwissconcert International<br \/>\nRafael Romer<br \/>\nPF 118, CH-9012 St. Gallen<br \/>\nSchweiz<br \/>\nTelefon: +41 (71) 278 2852<a href=\"mailto:management@swissconcert.ch\" target=\"_blank\" rel=\"noopener noreferrer\"><br \/>\nmanagement@swissconcert.ch<\/a><\/p>\n<p>[\/et_pb_text][\/et_pb_column][et_pb_column type=&#8220;1_4&#8243;][et_pb_text admin_label=&#8220;amerika&#8220; global_parent=&#8220;28935&#8243; _builder_version=&#8220;3.0.62&#8243; background_layout=&#8220;light&#8220; text_orientation=&#8220;left&#8220; text_font_size=&#8220;13&#8243; header_font_size=&#8220;14px&#8220; border_style=&#8220;solid&#8220;]<\/p>\n<p><strong>NORDAMERIKA<\/strong><br \/>\nClassics Alive Artists<strong><br \/>\n<\/strong>Jean Schreiber<br \/>\n24628 Gardenstone Ln.<br \/>\nWest Hills, CA 91307 USA<br \/>\nTelefon: +1 (818) 209-1030<a href=\"mailto:contact@ClassicsAliveArtists.org\" target=\"_blank\" rel=\"noopener noreferrer\"><br \/>\ncontact@ClassicsAliveArtists.org<\/a><\/p>\n<p>[\/et_pb_text][\/et_pb_column][\/et_pb_row][\/et_pb_section]<\/p>\n","protected":false},"excerpt":{"rendered":"<p>[et_pb_section bb_built=&#8220;1&#8243; admin_label=&#8220;Headersection&#8220; background_color=&#8220;#ffffff&#8220; padding_mobile=&#8220;off&#8220; collapsed=&#8220;off&#8220; background_image=&#8220;https:\/\/www.lisasmirnova.com\/de\/wp-content\/uploads\/2017\/07\/New_Classic_Ensemble_Wien.jpg&#8220; module_id=&#8220;dotover&#8220; _builder_version=&#8220;3.0.62&#8243; background_position=&#8220;top_center&#8220;][et_pb_row admin_label=&#8220;Row&#8220; make_fullwidth=&#8220;off&#8220; use_custom_width=&#8220;off&#8220; width_unit=&#8220;on&#8220; use_custom_gutter=&#8220;off&#8220; custom_padding=&#8220;10%||5%|&#8220; padding_mobile=&#8220;off&#8220; allow_player_pause=&#8220;off&#8220; parallax=&#8220;off&#8220; parallax_method=&#8220;off&#8220; make_equal=&#8220;off&#8220; parallax_1=&#8220;off&#8220; parallax_method_1=&#8220;off&#8220; column_padding_mobile=&#8220;on&#8220; background_position=&#8220;top_left&#8220; background_repeat=&#8220;repeat&#8220; background_size=&#8220;initial&#8220;][et_pb_column type=&#8220;1_2&#8243;][\/et_pb_column][et_pb_column type=&#8220;1_2&#8243;][et_pb_divider _builder_version=&#8220;3.0.62&#8243; divider_style=&#8220;solid&#8220; divider_position=&#8220;top&#8220; height=&#8220;200&#8243; hide_on_mobile=&#8220;on&#8220; \/][\/et_pb_column][\/et_pb_row][\/et_pb_section][et_pb_section bb_built=&#8220;1&#8243; fullwidth=&#8220;off&#8220; specialty=&#8220;off&#8220;][et_pb_row _builder_version=&#8220;3.0.62&#8243;][et_pb_column type=&#8220;1_3&#8243;][\/et_pb_column][et_pb_column type=&#8220;2_3&#8243;][et_pb_text admin_label=&#8220;Kurzbiografie New Classic Ensemble Wien&#8220; _builder_version=&#8220;3.0.62&#8243; background_layout=&#8220;light&#8220; text_orientation=&#8220;left&#8220; border_style=&#8220;solid&#8220;] New Classic Ensemble Wien Aus [&hellip;]<\/p>\n","protected":false},"author":1,"featured_media":0,"parent":0,"menu_order":80,"comment_status":"closed","ping_status":"closed","template":"","meta":{"_et_pb_use_builder":"on","_et_pb_old_content":"","_et_gb_content_width":""},"_links":{"self":[{"href":"https:\/\/www.lisasmirnova.com\/de\/wp-json\/wp\/v2\/pages\/28793"}],"collection":[{"href":"https:\/\/www.lisasmirnova.com\/de\/wp-json\/wp\/v2\/pages"}],"about":[{"href":"https:\/\/www.lisasmirnova.com\/de\/wp-json\/wp\/v2\/types\/page"}],"author":[{"embeddable":true,"href":"https:\/\/www.lisasmirnova.com\/de\/wp-json\/wp\/v2\/users\/1"}],"replies":[{"embeddable":true,"href":"https:\/\/www.lisasmirnova.com\/de\/wp-json\/wp\/v2\/comments?post=28793"}],"version-history":[{"count":28,"href":"https:\/\/www.lisasmirnova.com\/de\/wp-json\/wp\/v2\/pages\/28793\/revisions"}],"predecessor-version":[{"id":29397,"href":"https:\/\/www.lisasmirnova.com\/de\/wp-json\/wp\/v2\/pages\/28793\/revisions\/29397"}],"wp:attachment":[{"href":"https:\/\/www.lisasmirnova.com\/de\/wp-json\/wp\/v2\/media?parent=28793"}],"curies":[{"name":"wp","href":"https:\/\/api.w.org\/{rel}","templated":true}]}}