{"id":28829,"date":"2017-07-20T19:08:38","date_gmt":"2017-07-20T17:08:38","guid":{"rendered":"http:\/\/www.lisasmirnova.com\/de\/?page_id=28829"},"modified":"2017-10-03T22:18:27","modified_gmt":"2017-10-03T20:18:27","slug":"kontakt","status":"publish","type":"page","link":"https:\/\/www.lisasmirnova.com\/de\/kontakt\/","title":{"rendered":"Kontakt"},"content":{"rendered":"<p>[et_pb_section bb_built=&#8220;1&#8243; admin_label=&#8220;Headersection&#8220; background_color=&#8220;#ffffff&#8220; padding_mobile=&#8220;off&#8220; collapsed=&#8220;off&#8220; background_image=&#8220;https:\/\/www.lisasmirnova.com\/de\/wp-content\/uploads\/2017\/07\/lisa_smirnova_portrait.jpg&#8220; module_id=&#8220;dotover&#8220; _builder_version=&#8220;3.0.62&#8243;][et_pb_row admin_label=&#8220;Row&#8220; make_fullwidth=&#8220;off&#8220; use_custom_width=&#8220;off&#8220; width_unit=&#8220;on&#8220; use_custom_gutter=&#8220;off&#8220; custom_padding=&#8220;10%||5%|&#8220; padding_mobile=&#8220;off&#8220; allow_player_pause=&#8220;off&#8220; parallax=&#8220;off&#8220; parallax_method=&#8220;off&#8220; make_equal=&#8220;off&#8220; parallax_1=&#8220;off&#8220; parallax_method_1=&#8220;off&#8220; column_padding_mobile=&#8220;on&#8220; background_position=&#8220;top_left&#8220; background_repeat=&#8220;repeat&#8220; background_size=&#8220;initial&#8220;][et_pb_column type=&#8220;1_2&#8243;][\/et_pb_column][et_pb_column type=&#8220;1_2&#8243;][et_pb_divider _builder_version=&#8220;3.0.62&#8243; divider_style=&#8220;solid&#8220; divider_position=&#8220;top&#8220; height=&#8220;200&#8243; hide_on_mobile=&#8220;on&#8220; \/][\/et_pb_column][\/et_pb_row][\/et_pb_section][et_pb_section bb_built=&#8220;1&#8243; fullwidth=&#8220;off&#8220; specialty=&#8220;off&#8220;][et_pb_row][et_pb_column type=&#8220;1_3&#8243;][et_pb_image admin_label=&#8220;europabild&#8220; _builder_version=&#8220;3.0.62&#8243; src=&#8220;https:\/\/www.lisasmirnova.com\/de\/wp-content\/uploads\/2017\/07\/europakarte.jpg&#8220; show_in_lightbox=&#8220;off&#8220; url_new_window=&#8220;off&#8220; use_overlay=&#8220;off&#8220; sticky=&#8220;off&#8220; align=&#8220;left&#8220; always_center_on_mobile=&#8220;on&#8220; border_style=&#8220;solid&#8220; force_fullwidth=&#8220;off&#8220; animation=&#8220;off&#8220; \/][et_pb_text admin_label=&#8220;europa&#8220; _builder_version=&#8220;3.0.62&#8243; background_layout=&#8220;light&#8220; text_orientation=&#8220;left&#8220; border_style=&#8220;solid&#8220; text_font=&#8220;Oswald|||on|&#8220; text_text_color=&#8220;#757575&#8243; text_font_size=&#8220;16&#8243; text_letter_spacing=&#8220;2px&#8220; text_line_height=&#8220;1.9em&#8220;]<\/p>\n<p><strong>EUROPA<\/strong><br \/>\nChristiane Gonzalez Mayoral<br \/>\nK\u00fcnstlermanagement<br \/>\nKrummgasse 14\/8<br \/>\n1030 Wien, \u00d6sterreich<br \/>\nTelefon: +43 (676) 646 47 05<br \/>\n<a href=\"mailto:office@mayoral-artists.com\" target=\"_blank\" rel=\"noopener\">office@mayoral-artists.com<\/a><\/p>\n<p>[\/et_pb_text][\/et_pb_column][et_pb_column type=&#8220;1_3&#8243;][et_pb_image admin_label=&#8220;europabild&#8220; _builder_version=&#8220;3.0.62&#8243; src=&#8220;https:\/\/www.lisasmirnova.com\/de\/wp-content\/uploads\/2017\/07\/europakarte.jpg&#8220; show_in_lightbox=&#8220;off&#8220; url_new_window=&#8220;off&#8220; use_overlay=&#8220;off&#8220; sticky=&#8220;off&#8220; align=&#8220;left&#8220; always_center_on_mobile=&#8220;on&#8220; border_style=&#8220;solid&#8220; force_fullwidth=&#8220;off&#8220; animation=&#8220;off&#8220; \/][et_pb_text admin_label=&#8220;touren europa&#8220; _builder_version=&#8220;3.0.62&#8243; background_layout=&#8220;light&#8220; text_orientation=&#8220;left&#8220; border_style=&#8220;solid&#8220; text_font=&#8220;Oswald|||on|&#8220; text_text_color=&#8220;#757575&#8243; text_font_size=&#8220;16&#8243; text_letter_spacing=&#8220;2px&#8220; text_line_height=&#8220;1.9em&#8220;]<\/p>\n<p><strong>ORCHESTER TOURNEEN<\/strong><br \/>\nSwissconcert International<br \/>\nRafael Romer<br \/>\nPF 118, CH-9012 St. Gallen<br \/>\nSchweiz<br \/>\nTelefon: +41 (71) 278 2852<a href=\"mailto:management@swissconcert.ch\" target=\"_blank\" rel=\"noopener\"><br \/>\nmanagement@swissconcert.ch<\/a><\/p>\n<p>[\/et_pb_text][\/et_pb_column][et_pb_column type=&#8220;1_3&#8243;][et_pb_image admin_label=&#8220;amerika bild&#8220; _builder_version=&#8220;3.0.62&#8243; src=&#8220;https:\/\/www.lisasmirnova.com\/de\/wp-content\/uploads\/2017\/07\/amerika_karte.jpg&#8220; show_in_lightbox=&#8220;off&#8220; url_new_window=&#8220;off&#8220; use_overlay=&#8220;off&#8220; sticky=&#8220;off&#8220; align=&#8220;left&#8220; always_center_on_mobile=&#8220;on&#8220; border_style=&#8220;solid&#8220; force_fullwidth=&#8220;off&#8220; animation=&#8220;off&#8220; \/][et_pb_text admin_label=&#8220;amerika&#8220; _builder_version=&#8220;3.0.62&#8243; background_layout=&#8220;light&#8220; text_orientation=&#8220;left&#8220; border_style=&#8220;solid&#8220; text_font=&#8220;Oswald|||on|&#8220; text_text_color=&#8220;#757575&#8243; text_font_size=&#8220;16&#8243; text_letter_spacing=&#8220;2px&#8220; text_line_height=&#8220;1.9em&#8220;]<\/p>\n<p><strong>NORDAMERIKA<\/strong><br \/>\nClassics Alive Artists<br \/>\nJean Schreiber<br \/>\n24628 Gardenstone Ln.<br \/>\nWest Hills, CA 91307 USA<br \/>\nTelefon: +1 (818) 209-1030<br \/>\n<a href=\"mailto:contact@ClassicsAliveArtists.org\" target=\"_blank\" rel=\"noopener\">contact@ClassicsAliveArtists.org<\/a><\/p>\n<p>[\/et_pb_text][\/et_pb_column][\/et_pb_row][\/et_pb_section][et_pb_section bb_built=&#8220;1&#8243; fullwidth=&#8220;off&#8220; specialty=&#8220;off&#8220;][et_pb_row _builder_version=&#8220;3.0.62&#8243;][et_pb_column type=&#8220;1_3&#8243;][et_pb_text admin_label=&#8220;impressum&#8220; _builder_version=&#8220;3.0.62&#8243; background_layout=&#8220;light&#8220; text_orientation=&#8220;left&#8220; border_style=&#8220;solid&#8220;]<\/p>\n<h4><strong>Impressum<\/strong><\/h4>\n<p><strong>Herausgeberin<\/strong><br \/>\nLisa Smirnova<br \/>\nFr\u00f6belgasse 62\/4<br \/>\n1160 Wien<\/p>\n<p>Telefon: +43 (676) 646 47 05<br \/>\nE-Mail: office@mayoral-artists.com<\/p>\n<p><strong>Marketing + PR<\/strong><br \/>\n(General Inquiries and PR)<br \/>\nAndrea Kleibel<br \/>\n<a href=\"http:\/\/www.horizonarts.net\" target=\"_blank\" rel=\"noopener\">www.horizonarts.net<\/a><br \/>\n<a href=\"mailto:andrea@horizonarts.net\">andrea@horizonarts.net<\/a><\/p>\n<p>Link zur Online-Streitbeilegungsplattform der EU:\u00a0<a title=\"Streitbeilegungsplattform der EU\" href=\"http:\/\/ec.europa.eu\/odr\" target=\"_blank\" rel=\"noopener\">http:\/\/ec.europa.eu\/odr<\/a><\/p>\n<p>Webdesign: <a href=\"http:\/\/ews.agency\">ews.agency<\/a>, Bernhard Fichtenbauer<\/p>\n<p>Copyright Bilder: JOYCE ROHRMOSER und SANDRA CVITKOVAC<\/p>\n<p>[\/et_pb_text][\/et_pb_column][et_pb_column type=&#8220;2_3&#8243;][et_pb_text admin_label=&#8220;impressum&#8220; _builder_version=&#8220;3.0.62&#8243; background_layout=&#8220;light&#8220; text_orientation=&#8220;left&#8220; border_style=&#8220;solid&#8220;]<\/p>\n<p><strong>Datenschutz<\/strong><br \/>\nIhre pers\u00f6nlichen Daten werden selbstverst\u00e4ndlich vertraulich behandelt und nicht an Dritte weitergegeben.<\/p>\n<p><strong>Verwendung von Google Analytics<\/strong><br \/>\nDiese Website benutzt Google Analytics, einen Webanalysedienst der Google Inc. (\u201eGoogle\u201c). Google Analytics verwendet sog. \u201eCookies\u201c, Textdateien, die auf Ihrem Computer gespeichert werden und die eine Analyse der Benutzung der Website durch Sie erm\u00f6glichen. Die durch den Cookie erzeugten Informationen \u00fcber Ihre Benutzung dieser Website werden in der Regel an einen Server von Google in den USA \u00fcbertragen und dort gespeichert. Im Falle der Aktivierung der IP-Anonymisierung auf dieser Webseite wird Ihre IP-Adresse von Google jedoch innerhalb von Mitgliedstaaten der Europ\u00e4ischen Union oder in anderen Vertragsstaaten des Abkommens \u00fcber den Europ\u00e4ischen Wirtschaftsraum zuvor gek\u00fcrzt.<\/p>\n<p>Nur in Ausnahmef\u00e4llen wird die volle IP-Adresse an einen Server von Google in den USA \u00fcbertragen und dort gek\u00fcrzt. Im Auftrag des Betreibers dieser Website wird Google diese Informationen benutzen, um Ihre Nutzung der Website auszuwerten, um Reports \u00fcber die Websiteaktivit\u00e4ten zusammenzustellen und um weitere mit der Websitenutzung und der Internetnutzung verbundene Dienstleistungen gegen\u00fcber dem Websitebetreiber zu erbringen. Die im Rahmen von Google Analytics von Ihrem Browser \u00fcbermittelte IP-Adresse wird nicht mit anderen Daten von Google zusammengef\u00fchrt.<\/p>\n<p>Sie k\u00f6nnen die Speicherung der Cookies durch eine entsprechende Einstellung Ihrer Browser-Software verhindern; wir weisen Sie jedoch darauf hin, dass Sie in diesem Fall gegebenenfalls nicht s\u00e4mtliche Funktionen dieser Website vollumf\u00e4nglich werden nutzen k\u00f6nnen. Sie k\u00f6nnen dar\u00fcber hinaus die Erfassung der durch das Cookie erzeugten und auf Ihre Nutzung der Website bezogenen Daten (inkl. Ihrer IP-Adresse) an Google sowie die Verarbeitung dieser Daten durch Google verhindern, indem sie das unter dem folgenden Link verf\u00fcgbare Browser-Plugin herunterladen und installieren: <a class=\"external-link-new-window\" href=\"https:\/\/tools.google.com\/dlpage\/gaoptout?hl=de.\" target=\"_blank\" rel=\"noopener\">https:\/\/tools.google.com\/dlpage\/gaoptout?hl=de.<\/a><\/p>\n<p>[\/et_pb_text][\/et_pb_column][\/et_pb_row][\/et_pb_section][et_pb_section bb_built=&#8220;1&#8243; fullwidth=&#8220;off&#8220; specialty=&#8220;off&#8220; _builder_version=&#8220;3.0.62&#8243; background_color=&#8220;#232323&#8243;][et_pb_row _builder_version=&#8220;3.0.62&#8243; background_position_1=&#8220;top_left&#8220; background_repeat_1=&#8220;no-repeat&#8220; background_position_2=&#8220;top_left&#8220; background_repeat_2=&#8220;no-repeat&#8220; background_position_3=&#8220;top_left&#8220; background_repeat_3=&#8220;no-repeat&#8220; background_position_4=&#8220;top_left&#8220; background_repeat_4=&#8220;no-repeat&#8220; background_position=&#8220;top_left&#8220; background_repeat=&#8220;repeat&#8220; background_size=&#8220;initial&#8220; global_module=&#8220;28935&#8243;][et_pb_column type=&#8220;1_4&#8243;][et_pb_text admin_label=&#8220;folge lisa&#8220; global_parent=&#8220;28935&#8243; background_layout=&#8220;dark&#8220; text_orientation=&#8220;left&#8220; border_style=&#8220;solid&#8220; text_font=&#8220;Oswald|||on|&#8220; text_font_size=&#8220;16&#8243; text_letter_spacing=&#8220;2px&#8220; text_text_color=&#8220;#ffffff&#8220; background_position=&#8220;top_left&#8220; background_repeat=&#8220;repeat&#8220; background_size=&#8220;initial&#8220; _builder_version=&#8220;3.0.62&#8243;]<\/p>\n<p>Folge Lisa Smirnova<\/p>\n<p>[\/et_pb_text][et_pb_social_media_follow admin_label=&#8220;Social Media Follow&#8220; global_parent=&#8220;28935&#8243; link_shape=&#8220;circle&#8220; background_layout=&#8220;dark&#8220; url_new_window=&#8220;off&#8220; follow_button=&#8220;off&#8220; module_id=&#8220;toptext&#8220; custom_css_main_element=&#8220;margin: 1% auto;&#8220; _builder_version=&#8220;3.0.62&#8243;] [et_pb_social_media_follow_network social_network=&#8220;facebook&#8220; url=&#8220;https:\/\/www.facebook.com\/lisa.smirnova.3&#8243; skype_action=&#8220;call&#8220; bg_color=&#8220;#750050&#8243;] Facebook [\/et_pb_social_media_follow_network][et_pb_social_media_follow_network social_network=&#8220;youtube&#8220; url=&#8220;https:\/\/www.youtube.com\/channel\/UCSrZyJCKHUcRacsd3pV3RHg\/videos&#8220; skype_action=&#8220;call&#8220; bg_color=&#8220;#750050&#8243;] Youtube [\/et_pb_social_media_follow_network] [\/et_pb_social_media_follow][\/et_pb_column][et_pb_column type=&#8220;1_4&#8243;][et_pb_text admin_label=&#8220;europa&#8220; global_parent=&#8220;28935&#8243; _builder_version=&#8220;3.0.62&#8243; background_layout=&#8220;light&#8220; text_orientation=&#8220;left&#8220; text_font_size=&#8220;13&#8243; header_font_size=&#8220;14px&#8220; border_style=&#8220;solid&#8220;]<\/p>\n<p><strong>EUROPA<\/strong><br \/>\nChristiane Gonzalez Mayoral<strong><br \/>\n<\/strong>K\u00fcnstlermanagement<br \/>\nKrummgasse 14\/8,<br \/>\n1030 Wien \/ \u00d6sterreich<br \/>\nTelefon: +43 (676) 646 47 05<br \/>\n<a href=\"mailto:office@mayoral-artists.com\" target=\"_blank\" rel=\"noopener\">office@mayoral-artists.com<\/a><\/p>\n<p>[\/et_pb_text][\/et_pb_column][et_pb_column type=&#8220;1_4&#8243;][et_pb_text admin_label=&#8220;europa orchester&#8220; global_parent=&#8220;28935&#8243; _builder_version=&#8220;3.0.62&#8243; background_layout=&#8220;light&#8220; text_orientation=&#8220;left&#8220; text_font_size=&#8220;13&#8243; header_font_size=&#8220;14px&#8220; border_style=&#8220;solid&#8220;]<\/p>\n<p><strong>ORCHESTER TOURNEEN<\/strong><br \/>\nSwissconcert International<br \/>\nRafael Romer<br \/>\nPF 118, CH-9012 St. Gallen<br \/>\nSchweiz<br \/>\nTelefon: +41 (71) 278 2852<a href=\"mailto:management@swissconcert.ch\" target=\"_blank\" rel=\"noopener\"><br \/>\nmanagement@swissconcert.ch<\/a><\/p>\n<p>[\/et_pb_text][\/et_pb_column][et_pb_column type=&#8220;1_4&#8243;][et_pb_text admin_label=&#8220;amerika&#8220; global_parent=&#8220;28935&#8243; _builder_version=&#8220;3.0.62&#8243; background_layout=&#8220;light&#8220; text_orientation=&#8220;left&#8220; text_font_size=&#8220;13&#8243; header_font_size=&#8220;14px&#8220; border_style=&#8220;solid&#8220;]<\/p>\n<p><strong>NORDAMERIKA<\/strong><br \/>\nClassics Alive Artists<strong><br \/>\n<\/strong>Jean Schreiber<br \/>\n24628 Gardenstone Ln.<br \/>\nWest Hills, CA 91307 USA<br \/>\nTelefon: +1 (818) 209-1030<a href=\"mailto:contact@ClassicsAliveArtists.org\" target=\"_blank\" rel=\"noopener\"><br \/>\ncontact@ClassicsAliveArtists.org<\/a><\/p>\n<p>[\/et_pb_text][\/et_pb_column][\/et_pb_row][\/et_pb_section]<\/p>\n","protected":false},"excerpt":{"rendered":"<p>[et_pb_section bb_built=&#8220;1&#8243; admin_label=&#8220;Headersection&#8220; background_color=&#8220;#ffffff&#8220; padding_mobile=&#8220;off&#8220; collapsed=&#8220;off&#8220; background_image=&#8220;https:\/\/www.lisasmirnova.com\/de\/wp-content\/uploads\/2017\/07\/lisa_smirnova_portrait.jpg&#8220; module_id=&#8220;dotover&#8220; _builder_version=&#8220;3.0.62&#8243;][et_pb_row admin_label=&#8220;Row&#8220; make_fullwidth=&#8220;off&#8220; use_custom_width=&#8220;off&#8220; width_unit=&#8220;on&#8220; use_custom_gutter=&#8220;off&#8220; custom_padding=&#8220;10%||5%|&#8220; padding_mobile=&#8220;off&#8220; allow_player_pause=&#8220;off&#8220; parallax=&#8220;off&#8220; parallax_method=&#8220;off&#8220; make_equal=&#8220;off&#8220; parallax_1=&#8220;off&#8220; parallax_method_1=&#8220;off&#8220; column_padding_mobile=&#8220;on&#8220; background_position=&#8220;top_left&#8220; background_repeat=&#8220;repeat&#8220; background_size=&#8220;initial&#8220;][et_pb_column type=&#8220;1_2&#8243;][\/et_pb_column][et_pb_column type=&#8220;1_2&#8243;][et_pb_divider _builder_version=&#8220;3.0.62&#8243; divider_style=&#8220;solid&#8220; divider_position=&#8220;top&#8220; height=&#8220;200&#8243; hide_on_mobile=&#8220;on&#8220; \/][\/et_pb_column][\/et_pb_row][\/et_pb_section][et_pb_section bb_built=&#8220;1&#8243; fullwidth=&#8220;off&#8220; specialty=&#8220;off&#8220;][et_pb_row][et_pb_column type=&#8220;1_3&#8243;][et_pb_image admin_label=&#8220;europabild&#8220; _builder_version=&#8220;3.0.62&#8243; src=&#8220;https:\/\/www.lisasmirnova.com\/de\/wp-content\/uploads\/2017\/07\/europakarte.jpg&#8220; show_in_lightbox=&#8220;off&#8220; url_new_window=&#8220;off&#8220; use_overlay=&#8220;off&#8220; sticky=&#8220;off&#8220; align=&#8220;left&#8220; always_center_on_mobile=&#8220;on&#8220; border_style=&#8220;solid&#8220; force_fullwidth=&#8220;off&#8220; animation=&#8220;off&#8220; \/][et_pb_text admin_label=&#8220;europa&#8220; _builder_version=&#8220;3.0.62&#8243; background_layout=&#8220;light&#8220; text_orientation=&#8220;left&#8220; [&hellip;]<\/p>\n","protected":false},"author":1,"featured_media":0,"parent":0,"menu_order":90,"comment_status":"closed","ping_status":"closed","template":"","meta":{"_et_pb_use_builder":"on","_et_pb_old_content":"","_et_gb_content_width":""},"_links":{"self":[{"href":"https:\/\/www.lisasmirnova.com\/de\/wp-json\/wp\/v2\/pages\/28829"}],"collection":[{"href":"https:\/\/www.lisasmirnova.com\/de\/wp-json\/wp\/v2\/pages"}],"about":[{"href":"https:\/\/www.lisasmirnova.com\/de\/wp-json\/wp\/v2\/types\/page"}],"author":[{"embeddable":true,"href":"https:\/\/www.lisasmirnova.com\/de\/wp-json\/wp\/v2\/users\/1"}],"replies":[{"embeddable":true,"href":"https:\/\/www.lisasmirnova.com\/de\/wp-json\/wp\/v2\/comments?post=28829"}],"version-history":[{"count":27,"href":"https:\/\/www.lisasmirnova.com\/de\/wp-json\/wp\/v2\/pages\/28829\/revisions"}],"predecessor-version":[{"id":29214,"href":"https:\/\/www.lisasmirnova.com\/de\/wp-json\/wp\/v2\/pages\/28829\/revisions\/29214"}],"wp:attachment":[{"href":"https:\/\/www.lisasmirnova.com\/de\/wp-json\/wp\/v2\/media?parent=28829"}],"curies":[{"name":"wp","href":"https:\/\/api.w.org\/{rel}","templated":true}]}}