{"id":28869,"date":"2017-07-20T20:21:08","date_gmt":"2017-07-20T18:21:08","guid":{"rendered":"http:\/\/www.lisasmirnova.com\/de\/?page_id=28869"},"modified":"2021-08-27T18:15:22","modified_gmt":"2021-08-27T16:15:22","slug":"media","status":"publish","type":"page","link":"https:\/\/www.lisasmirnova.com\/de\/media\/","title":{"rendered":"Media"},"content":{"rendered":"<p>[et_pb_section fb_built=&#8220;1&#8243; custom_padding_last_edited=&#8220;on|desktop&#8220; admin_label=&#8220;Headersection&#8220; module_id=&#8220;dotover&#8220; _builder_version=&#8220;3.22&#8243; background_color=&#8220;#ffffff&#8220; background_image=&#8220;https:\/\/www.lisasmirnova.com\/de\/wp-content\/uploads\/2017\/07\/Lisa_Smirnova_Media.jpg&#8220; custom_padding_tablet=&#8220;50px|0|50px|0&#8243; custom_padding_phone=&#8220;&#8220; padding_mobile=&#8220;off&#8220; collapsed=&#8220;off&#8220;][et_pb_row column_structure=&#8220;1_2,1_2&#8243; padding_mobile=&#8220;off&#8220; column_padding_mobile=&#8220;on&#8220; admin_label=&#8220;Row&#8220; _builder_version=&#8220;3.25&#8243; background_size=&#8220;initial&#8220; background_position=&#8220;top_left&#8220; background_repeat=&#8220;repeat&#8220; custom_padding=&#8220;10%||5%|&#8220; make_fullwidth=&#8220;off&#8220; use_custom_width=&#8220;off&#8220; width_unit=&#8220;on&#8220;][et_pb_column type=&#8220;1_2&#8243; _builder_version=&#8220;3.25&#8243; custom_padding=&#8220;|||&#8220; custom_padding__hover=&#8220;|||&#8220;][\/et_pb_column][et_pb_column type=&#8220;1_2&#8243; _builder_version=&#8220;3.25&#8243; custom_padding=&#8220;|||&#8220; custom_padding__hover=&#8220;|||&#8220;][et_pb_divider show_divider=&#8220;off&#8220; disabled_on=&#8220;on|on|off&#8220; _builder_version=&#8220;3.23.4&#8243; height=&#8220;200px&#8220; hide_on_mobile=&#8220;on&#8220;]<\/p>\n<p>[\/et_pb_divider][\/et_pb_column][\/et_pb_row][\/et_pb_section][et_pb_section fb_built=&#8220;1&#8243; _builder_version=&#8220;3.22&#8243;][et_pb_row _builder_version=&#8220;3.25&#8243; background_size=&#8220;initial&#8220; background_position=&#8220;top_left&#8220; background_repeat=&#8220;repeat&#8220;][et_pb_column type=&#8220;4_4&#8243; _builder_version=&#8220;3.25&#8243; custom_padding=&#8220;|||&#8220; custom_padding__hover=&#8220;|||&#8220;][et_pb_text admin_label=&#8220;discographie&#8220; _builder_version=&#8220;4.9.4&#8243; border_style=&#8220;solid&#8220;]<\/p>\n<h2>Diskographie<\/h2>\n<p>[\/et_pb_text][et_pb_toggle title=&#8220;Mozart &#8211; Piano Concertos Nos. 12 &#038; 20&#8243; open=&#8220;on&#8220; admin_label=&#8220;Mozart &#8211; Piano Concertos Nos. 12 &#038; 20&#8243; _builder_version=&#8220;4.9.4&#8243; vertical_offset_tablet=&#8220;0&#8243; horizontal_offset_tablet=&#8220;0&#8243; title_text_shadow_horizontal_length_tablet=&#8220;0px&#8220; title_text_shadow_vertical_length_tablet=&#8220;0px&#8220; title_text_shadow_blur_strength_tablet=&#8220;1px&#8220; closed_title_text_shadow_horizontal_length_tablet=&#8220;0px&#8220; closed_title_text_shadow_vertical_length_tablet=&#8220;0px&#8220; closed_title_text_shadow_blur_strength_tablet=&#8220;1px&#8220; body_text_shadow_horizontal_length_tablet=&#8220;0px&#8220; body_text_shadow_vertical_length_tablet=&#8220;0px&#8220; body_text_shadow_blur_strength_tablet=&#8220;1px&#8220; body_link_text_shadow_horizontal_length_tablet=&#8220;0px&#8220; body_link_text_shadow_vertical_length_tablet=&#8220;0px&#8220; body_link_text_shadow_blur_strength_tablet=&#8220;1px&#8220; body_ul_text_shadow_horizontal_length_tablet=&#8220;0px&#8220; body_ul_text_shadow_vertical_length_tablet=&#8220;0px&#8220; body_ul_text_shadow_blur_strength_tablet=&#8220;1px&#8220; body_ol_text_shadow_horizontal_length_tablet=&#8220;0px&#8220; body_ol_text_shadow_vertical_length_tablet=&#8220;0px&#8220; body_ol_text_shadow_blur_strength_tablet=&#8220;1px&#8220; body_quote_text_shadow_horizontal_length_tablet=&#8220;0px&#8220; body_quote_text_shadow_vertical_length_tablet=&#8220;0px&#8220; body_quote_text_shadow_blur_strength_tablet=&#8220;1px&#8220; box_shadow_horizontal_tablet=&#8220;0px&#8220; box_shadow_vertical_tablet=&#8220;0px&#8220; box_shadow_blur_tablet=&#8220;40px&#8220; box_shadow_spread_tablet=&#8220;0px&#8220; text_shadow_horizontal_length_tablet=&#8220;0px&#8220; text_shadow_vertical_length_tablet=&#8220;0px&#8220; text_shadow_blur_strength_tablet=&#8220;1px&#8220; border_style=&#8220;solid&#8220;]<\/p>\n<p><img loading=\"lazy\" class=\"size-medium wp-image-29560 alignright\" src=\"https:\/\/www.lisasmirnova.com\/de\/wp-content\/uploads\/2021\/05\/Mozart-300x249.png\" alt=\"\" width=\"300\" height=\"249\" \/><\/p>\n<p>Gro\u00dfe Werke aus neuer Perspektive erleben, Teil des lebendigen Entstehungsprozesses sein und selbst fast 250 Jahre nach ihrer Entstehung neue Facetten der ber\u00fchmten Kompositionen herausarbeiten k\u00f6nnen &#8211; das hatten sich Lisa Smirnova und ihr New Classic Ensembles Wien f\u00fcr dieses Projekt vorgenommen.\u00a0 Im Mittelpunkt standen dabei die unvergleichlichen Klavierkonzerte von Wolfgang Amadeus Mozart KV 414, KV 466 (arrangiert von Carl Czerny) und das Rondo KV 385 erg\u00e4nzt von Lisa Smirnova.<\/p>\n<p>paladino music 2021<\/p>\n<p>Hier k\u00f6nnen Sie die CD <a href=\"http:\/\/www.ecmrecords.com\/Catalogue\/New_Series\/2200\/2213_14.php?lvredir=712&amp;catid=0&amp;doctype=Catalogue&amp;order=releasedate&amp;we_search=%2Bsmirnova&amp;rubchooser=901&amp;mainrubchooser=9\" target=\"_Blank\" rel=\"noopener\">bestellen<\/a>.<br \/>Mehr Informationen zur CD finden Sie <a href=\"https:\/\/www.paladino.at\/cds\/pmr-0118\" target=\"_blank\" rel=\"noopener noreferrer\">hier<\/a><\/p>\n<p>[\/et_pb_toggle][et_pb_toggle title=&#8220;Die Acht Gro\u00dfen Suiten&#8220; admin_label=&#8220;8 suiten&#8220; _builder_version=&#8220;3.0.87&#8243; border_style=&#8220;solid&#8220;]<\/p>\n<p><img loading=\"lazy\" class=\"size-medium wp-image-28805 alignright\" src=\"https:\/\/www.lisasmirnova.com\/de\/wp-content\/uploads\/2017\/07\/die_grossen_acht-300x249.png\" alt=\"\" width=\"300\" height=\"249\" srcset=\"https:\/\/www.lisasmirnova.com\/de\/wp-content\/uploads\/2017\/07\/die_grossen_acht-300x249.png 300w, https:\/\/www.lisasmirnova.com\/de\/wp-content\/uploads\/2017\/07\/die_grossen_acht.png 600w\" sizes=\"(max-width: 300px) 100vw, 300px\" \/>&#8222;&#8230;Ihr \u00fcbergreifendes Gestaltungsverm\u00f6gen verleiht nicht nur jeder Suite trotz der standardisierten, in ihrer Abfolge jedoch wechselnden T\u00e4nze ihren eigenen Charakter. Auch jedem Einzelsatz wird eine nat\u00fcrlich scheinende Verlaufsform zuteil, der man von der ersten bis zur letzten Note gebannt folgt. H\u00e4ndels Suiten: kleine p\u00e4dagogische Clavier-\u201eLessons\u201c und gef\u00e4llige Gelegenheits- kompositionen, als solche keinesfalls mit dem Bachschen Kosmos zu vergleichen? Wer nach Lisa Smirnova noch immer derart vorurteilsvoll denkt, der ist taub f\u00fcr eine Sternstunde der Klavierkunst, nicht nur barocker Provenienz.&#8220; Christoph Braun, Rondo Magazin, 2012<\/p>\n<p>ECM 2012<\/p>\n<p>Hier k\u00f6nnen Sie die CD <a href=\"http:\/\/www.ecmrecords.com\/Catalogue\/New_Series\/2200\/2213_14.php?lvredir=712&amp;catid=0&amp;doctype=Catalogue&amp;order=releasedate&amp;we_search=%2Bsmirnova&amp;rubchooser=901&amp;mainrubchooser=9\" target=\"_Blank\" rel=\"noopener noreferrer\">bestellen<\/a>.<br \/>Mehr Informationen zur CD finden Sie <a href=\"http:\/\/player.ecmrecords.com\/smirnova\" target=\"_blank\" rel=\"noopener noreferrer\">hier<\/a><\/p>\n<p>[\/et_pb_toggle][et_pb_toggle title=&#8220;Live at the Concertgebouw&#8220; admin_label=&#8220;paladino music &#8211; Live at the Concertgebouw&#8220; _builder_version=&#8220;4.9.4&#8243; hover_enabled=&#8220;0&#8243; border_style=&#8220;solid&#8220; sticky_enabled=&#8220;0&#8243;]<\/p>\n<p><img loading=\"lazy\" class=\"size-medium wp-image-29028 alignright\" src=\"https:\/\/www.lisasmirnova.com\/de\/wp-content\/uploads\/2017\/07\/live_at_the_concertgebouw-300x249.png\" alt=\"Lisa Smirnova - Live at the Concertgebouw\" width=\"300\" height=\"249\" srcset=\"https:\/\/www.lisasmirnova.com\/de\/wp-content\/uploads\/2017\/07\/live_at_the_concertgebouw-300x249.png 300w, https:\/\/www.lisasmirnova.com\/de\/wp-content\/uploads\/2017\/07\/live_at_the_concertgebouw.png 600w\" sizes=\"(max-width: 300px) 100vw, 300px\" \/>&#8222;Eine in ihrer eigenen, epischeren Auslegung geradezu einzigartige Auff\u00fchrung, die in einer Reihe steht mit den vielen anderen vortrefflichen Interpretationen von Buchbinder, Barenboim, Brendel, Schnabel und einiger anderer. Nochmals \u2026 dies ist ein herausragender Mitschnitt.&#8220; Robert Cummings, Classical.net, Juni 2017<\/p>\n<p><span lang=\"EN-US\">Paladino Music 2016 <\/span><\/p>\n<p>Mehr Informationen zur CD finden Sie <a href=\"https:\/\/www.paladino.at\/cds\/pmr-0077\" target=\"_blank\" rel=\"noopener noreferrer\">hier<\/a><\/p>\n<p><span style=\"border-radius: 2px; text-indent: 20px; width: auto; padding: 0px 4px 0px 0px; text-align: center; font: bold 11px\/20px 'Helvetica Neue',Helvetica,sans-serif; color: #ffffff; background: #bd081c no-repeat scroll 3px 50% \/ 14px 14px; position: absolute; opacity: 1; z-index: 8675309; display: none; cursor: pointer; top: 36px; left: 581px;\">Merken<\/span><\/p>\n<p><span style=\"border-radius: 2px; text-indent: 20px; width: auto; padding: 0px 4px 0px 0px; text-align: center; font: bold 11px\/20px 'Helvetica Neue',Helvetica,sans-serif; color: #ffffff; background: #bd081c no-repeat scroll 3px 50% \/ 14px 14px; position: absolute; opacity: 1; z-index: 8675309; display: none; cursor: pointer; top: 50px; left: 581px;\">Merken<\/span><\/p>\n<p><span style=\"border-radius: 2px; text-indent: 20px; width: auto; padding: 0px 4px 0px 0px; text-align: center; font: bold 11px\/20px 'Helvetica Neue',Helvetica,sans-serif; color: #ffffff; background: #bd081c no-repeat scroll 3px 50% \/ 14px 14px; position: absolute; opacity: 1; z-index: 8675309; display: none; cursor: pointer; top: 50px; left: 581px;\">Merken<\/span><\/p>\n<p>[\/et_pb_toggle][et_pb_toggle title=&#8220;Shostakovich &#8211; Prokofiev &#8211; Weill&#8220; admin_label=&#8220;SHOSTAKOVICH &#8211; PROKOFIEV &#8211; WEILL&#8220; _builder_version=&#8220;3.0.87&#8243; border_style=&#8220;solid&#8220;]<\/p>\n<p><img loading=\"lazy\" class=\"size-medium wp-image-28806 alignright\" src=\"https:\/\/www.lisasmirnova.com\/de\/wp-content\/uploads\/2017\/07\/shostakovich_prokofiev_weill-300x249.png\" alt=\"\" width=\"300\" height=\"249\" srcset=\"https:\/\/www.lisasmirnova.com\/de\/wp-content\/uploads\/2017\/07\/shostakovich_prokofiev_weill-300x249.png 300w, https:\/\/www.lisasmirnova.com\/de\/wp-content\/uploads\/2017\/07\/shostakovich_prokofiev_weill.png 600w\" sizes=\"(max-width: 300px) 100vw, 300px\" \/>Benjamin Schmid und Lisa Smirnova haben dieses Aufnahme \u00fcber 20 Jahre geplant und nun ist sie Wirklichkeit geworden. Fantastische Arrangements und raffinierte Musik von Dimitri Schostakovich, Serge Prokofieff und der kultigen Dreigroschen-Oper von Kurt Weill.<\/p>\n<p>Ondine 2015<\/p>\n<p>Hier finden Sie mehr <a href=\"http:\/\/www.ondine.net\/?lid=en&amp;cid=2.2&amp;oid=5458\" target=\"_Blank\" rel=\"noopener noreferrer\">Details<\/a> zur Produktion.<\/p>\n<p><span style=\"border-radius: 2px; text-indent: 20px; width: auto; padding: 0px 4px 0px 0px; text-align: center; font: bold 11px\/20px 'Helvetica Neue',Helvetica,sans-serif; color: #ffffff; background: #bd081c no-repeat scroll 3px 50% \/ 14px 14px; position: absolute; opacity: 1; z-index: 8675309; display: none; cursor: pointer; top: 50px; left: 581px;\">Merken<\/span><\/p>\n<p><span style=\"border-radius: 2px; text-indent: 20px; width: auto; padding: 0px 4px 0px 0px; text-align: center; font: bold 11px\/20px 'Helvetica Neue',Helvetica,sans-serif; color: #ffffff; background: #bd081c no-repeat scroll 3px 50% \/ 14px 14px; position: absolute; opacity: 1; z-index: 8675309; display: none; cursor: pointer; top: 50px; left: 581px;\">Merken<\/span><\/p>\n<p>[\/et_pb_toggle][et_pb_toggle title=&#8220;Johann Sebastian Bach&#8220; admin_label=&#8220;Johann Sebastian Bach&#8220; _builder_version=&#8220;3.0.87&#8243; border_style=&#8220;solid&#8220;]<\/p>\n<p><img loading=\"lazy\" class=\"size-medium wp-image-28872 alignright\" src=\"https:\/\/www.lisasmirnova.com\/de\/wp-content\/uploads\/2017\/07\/johann_sebastian_bach-300x249.png\" alt=\"\" width=\"300\" height=\"249\" srcset=\"https:\/\/www.lisasmirnova.com\/de\/wp-content\/uploads\/2017\/07\/johann_sebastian_bach-300x249.png 300w, https:\/\/www.lisasmirnova.com\/de\/wp-content\/uploads\/2017\/07\/johann_sebastian_bach.png 600w\" sizes=\"(max-width: 300px) 100vw, 300px\" \/>Neuauflage der preisgekr\u00f6nten Aufnahme von 1996!<br \/>J.S. Bach sechs Sonaten f\u00fcr Violin Solo mit Klavierbegleitung von Robert Schumann aufgenommen mit Benjamin Schmid, Violine.<\/p>\n<p>MDG 1996\/2010<\/p>\n<p>Hier k\u00f6nnen Sie die CD <a href=\"http:\/\/www.amazon.de\/6-Sonatas-Violin-J-S-Bach\/dp\/B0000021GP\" target=\"_Blank\" rel=\"noopener noreferrer\">bestellen<\/a>.<\/p>\n<p>[\/et_pb_toggle][et_pb_toggle title=&#8220;Man lebt nur einmal&#8220; admin_label=&#8220;Man lebt nur einmal&#8220; _builder_version=&#8220;3.0.87&#8243; border_style=&#8220;solid&#8220;]<\/p>\n<p><img loading=\"lazy\" class=\"size-medium wp-image-28873 alignright\" src=\"https:\/\/www.lisasmirnova.com\/de\/wp-content\/uploads\/2017\/07\/man_lebt_nur_einmal-300x249.png\" alt=\"\" width=\"300\" height=\"249\" srcset=\"https:\/\/www.lisasmirnova.com\/de\/wp-content\/uploads\/2017\/07\/man_lebt_nur_einmal-300x249.png 300w, https:\/\/www.lisasmirnova.com\/de\/wp-content\/uploads\/2017\/07\/man_lebt_nur_einmal.png 600w\" sizes=\"(max-width: 300px) 100vw, 300px\" \/>Eine Sammlung unverg\u00e4nglicher Waltzer von Chopin, Ravel, Satie, Tchaikovsky, Schubert, Scriabin und Johann Strauss. Smirnova&#8217;s erste Solo-CD!<\/p>\n<p>Oehms Classics 2003<\/p>\n<p>Hier k\u00f6nnen Sie die CD <a href=\"http:\/\/www.oehmsclassics.com\/cd.php?formatid=136&amp;sprache=eng\" target=\"_Blank\" rel=\"noopener noreferrer\">bestellen<\/a>.<\/p>\n<p><span style=\"border-radius: 2px; text-indent: 20px; width: auto; padding: 0px 4px 0px 0px; text-align: center; font: bold 11px\/20px 'Helvetica Neue',Helvetica,sans-serif; color: #ffffff; background: #bd081c no-repeat scroll 3px 50% \/ 14px 14px; position: absolute; opacity: 1; z-index: 8675309; display: none; cursor: pointer;\">Merken<\/span><\/p>\n<p>[\/et_pb_toggle][\/et_pb_column][\/et_pb_row][et_pb_row _builder_version=&#8220;3.25&#8243; background_size=&#8220;initial&#8220; background_position=&#8220;top_left&#8220; background_repeat=&#8220;repeat&#8220;][et_pb_column type=&#8220;4_4&#8243; _builder_version=&#8220;3.25&#8243; custom_padding=&#8220;|||&#8220; custom_padding__hover=&#8220;|||&#8220;][et_pb_text admin_label=&#8220;videos&#8220; _builder_version=&#8220;3.27.4&#8243; border_style=&#8220;solid&#8220;]<\/p>\n<h2>Youtube \/ Videos<\/h2>\n<p>Eindr\u00fccke auf Lisa Smirnovas Youtube Kanal.<\/p>\n<p>[\/et_pb_text][et_pb_button button_url=&#8220;https:\/\/www.youtube.com\/channel\/UCSrZyJCKHUcRacsd3pV3RHg&#8220; url_new_window=&#8220;on&#8220; button_text=&#8220;Besuche Lisa Smirnovas youtube-Channel&#8220; button_alignment=&#8220;center&#8220; admin_label=&#8220;youtube besuchen&#8220; _builder_version=&#8220;3.16&#8243; custom_button=&#8220;on&#8220; button_text_color=&#8220;#000000&#8243; button_bg_color=&#8220;#ffffff&#8220; button_border_color=&#8220;#000000&#8243; button_border_radius=&#8220;0&#8243; button_font=&#8220;Playfair Display||||&#8220; button_icon=&#8220;%%24%%&#8220; button_icon_color=&#8220;#ffffff&#8220; button_rel=&#8220;|on|||&#8220; custom_css_main_element=&#8220;width:100%;&#8220; button_text_color_hover=&#8220;#ffffff&#8220; button_border_color_hover=&#8220;#000000&#8243; button_border_radius_hover=&#8220;0&#8243; button_letter_spacing_hover=&#8220;0&#8243; button_bg_color_hover=&#8220;#000000&#8243; button_text_size__hover_enabled=&#8220;off&#8220; button_one_text_size__hover_enabled=&#8220;off&#8220; button_two_text_size__hover_enabled=&#8220;off&#8220; button_text_color__hover_enabled=&#8220;on&#8220; button_text_color__hover=&#8220;#ffffff&#8220; button_one_text_color__hover_enabled=&#8220;off&#8220; button_two_text_color__hover_enabled=&#8220;off&#8220; button_border_width__hover_enabled=&#8220;off&#8220; button_one_border_width__hover_enabled=&#8220;off&#8220; button_two_border_width__hover_enabled=&#8220;off&#8220; button_border_color__hover_enabled=&#8220;on&#8220; button_border_color__hover=&#8220;#000000&#8243; button_one_border_color__hover_enabled=&#8220;off&#8220; button_two_border_color__hover_enabled=&#8220;off&#8220; button_border_radius__hover_enabled=&#8220;on&#8220; button_border_radius__hover=&#8220;0&#8243; button_one_border_radius__hover_enabled=&#8220;off&#8220; button_two_border_radius__hover_enabled=&#8220;off&#8220; button_letter_spacing__hover_enabled=&#8220;on&#8220; button_letter_spacing__hover=&#8220;0&#8243; button_one_letter_spacing__hover_enabled=&#8220;off&#8220; button_two_letter_spacing__hover_enabled=&#8220;off&#8220; button_bg_color__hover_enabled=&#8220;on&#8220; button_bg_color__hover=&#8220;#000000&#8243; button_one_bg_color__hover_enabled=&#8220;off&#8220; button_two_bg_color__hover_enabled=&#8220;off&#8220;]<\/p>\n<p>[\/et_pb_button][\/et_pb_column][\/et_pb_row][\/et_pb_section][et_pb_section fb_built=&#8220;1&#8243; _builder_version=&#8220;3.22&#8243; background_color=&#8220;#232323&#8243;][et_pb_row column_structure=&#8220;1_4,1_4,1_4,1_4&#8243; _builder_version=&#8220;3.0.62&#8243; background_size=&#8220;initial&#8220; background_position=&#8220;top_left&#8220; background_repeat=&#8220;repeat&#8220; global_module=&#8220;28935&#8243;][et_pb_column type=&#8220;1_4&#8243; _builder_version=&#8220;3.0.47&#8243; background_position=&#8220;top_left&#8220; custom_padding=&#8220;|||&#8220; custom_padding__hover=&#8220;|||&#8220;][et_pb_text admin_label=&#8220;folge lisa&#8220; _builder_version=&#8220;3.27.4&#8243; text_font=&#8220;Oswald|||on|&#8220; text_text_color=&#8220;#ffffff&#8220; text_font_size=&#8220;16&#8243; text_letter_spacing=&#8220;2px&#8220; background_size=&#8220;initial&#8220; background_position=&#8220;top_left&#8220; background_repeat=&#8220;repeat&#8220; background_layout=&#8220;dark&#8220; border_style=&#8220;solid&#8220;]<\/p>\n<p>Folge Lisa Smirnova<\/p>\n<p>[\/et_pb_text][et_pb_social_media_follow url_new_window=&#8220;off&#8220; admin_label=&#8220;Social Media Follow&#8220; module_id=&#8220;toptext&#8220; _builder_version=&#8220;3.0.87&#8243; background_layout=&#8220;dark&#8220; custom_css_main_element=&#8220;margin: 1% auto;&#8220; border_radii=&#8220;on|100%|100%|100%|100%&#8220; link_shape=&#8220;circle&#8220;][et_pb_social_media_follow_network social_network=&#8220;facebook&#8220; url=&#8220;https:\/\/www.facebook.com\/LisaSmirnovaPianist&#8220; _builder_version=&#8220;3.0.74&#8243; background_color=&#8220;#750050&#8243; bg_color=&#8220;#750050&#8243; link_shape=&#8220;circle&#8220; follow_button=&#8220;off&#8220; url_new_window=&#8220;off&#8220;] Facebook [\/et_pb_social_media_follow_network][et_pb_social_media_follow_network social_network=&#8220;youtube&#8220; url=&#8220;https:\/\/www.youtube.com\/channel\/UCSrZyJCKHUcRacsd3pV3RHg\/videos&#8220; _builder_version=&#8220;3.0.74&#8243; background_color=&#8220;#750050&#8243; bg_color=&#8220;#750050&#8243; link_shape=&#8220;circle&#8220; follow_button=&#8220;off&#8220; url_new_window=&#8220;off&#8220;] Youtube [\/et_pb_social_media_follow_network][\/et_pb_social_media_follow][\/et_pb_column][et_pb_column type=&#8220;1_4&#8243; _builder_version=&#8220;3.0.47&#8243; background_position=&#8220;top_left&#8220; custom_padding=&#8220;|||&#8220; custom_padding__hover=&#8220;|||&#8220;][et_pb_text admin_label=&#8220;europa&#8220; _builder_version=&#8220;3.27.4&#8243; text_font_size=&#8220;13&#8243; header_font_size=&#8220;14px&#8220; border_style=&#8220;solid&#8220;]<\/p>\n<p><strong>EUROPA<\/strong><br \/>Christiane Gonzalez Mayoral<strong><br \/><\/strong>K\u00fcnstlermanagement<br \/>Krummgasse 14\/8,<br \/>1030 Wien \/ \u00d6sterreich<br \/>Telefon: +43 (676) 646 47 05<br \/><a href=\"mailto:office@mayoral-artists.com\" target=\"_blank\" rel=\"noopener noreferrer\">office@mayoral-artists.com<\/a><\/p>\n<p>[\/et_pb_text][\/et_pb_column][et_pb_column type=&#8220;1_4&#8243; _builder_version=&#8220;3.0.47&#8243; background_position=&#8220;top_left&#8220; custom_padding=&#8220;|||&#8220; custom_padding__hover=&#8220;|||&#8220;][et_pb_text admin_label=&#8220;europa orchester&#8220; _builder_version=&#8220;3.27.4&#8243; text_font_size=&#8220;13&#8243; header_font_size=&#8220;14px&#8220; border_style=&#8220;solid&#8220;]<\/p>\n<p><strong>ORCHESTER TOURNEEN<\/strong><br \/>Swissconcert International<br \/>Rafael Romer<br \/>PF 118, CH-9012 St. Gallen<br \/>Schweiz<br \/>Telefon: +41 (71) 278 2852<a href=\"mailto:management@swissconcert.ch\" target=\"_blank\" rel=\"noopener noreferrer\"><br \/>management@swissconcert.ch<\/a><\/p>\n<p>[\/et_pb_text][\/et_pb_column][et_pb_column type=&#8220;1_4&#8243; _builder_version=&#8220;3.0.47&#8243; background_position=&#8220;top_left&#8220; custom_padding=&#8220;|||&#8220; custom_padding__hover=&#8220;|||&#8220;][et_pb_text admin_label=&#8220;amerika&#8220; _builder_version=&#8220;3.27.4&#8243; text_font_size=&#8220;13&#8243; header_font_size=&#8220;14px&#8220; border_style=&#8220;solid&#8220;]<\/p>\n<p><strong>NORDAMERIKA<\/strong><br \/>Classics Alive Artists<strong><br \/><\/strong>Jean Schreiber<br \/>24628 Gardenstone Ln.<br \/>West Hills, CA 91307 USA<br \/>Telefon: +1 (818) 209-1030<a href=\"mailto:contact@ClassicsAliveArtists.org\" target=\"_blank\" rel=\"noopener noreferrer\"><br \/>contact@ClassicsAliveArtists.org<\/a><\/p>\n<p>[\/et_pb_text][\/et_pb_column][\/et_pb_row][\/et_pb_section]<\/p>\n","protected":false},"excerpt":{"rendered":"<p>[et_pb_section fb_built=&#8220;1&#8243; custom_padding_last_edited=&#8220;on|desktop&#8220; admin_label=&#8220;Headersection&#8220; module_id=&#8220;dotover&#8220; _builder_version=&#8220;3.22&#8243; background_color=&#8220;#ffffff&#8220; background_image=&#8220;https:\/\/www.lisasmirnova.com\/de\/wp-content\/uploads\/2017\/07\/Lisa_Smirnova_Media.jpg&#8220; custom_padding_tablet=&#8220;50px|0|50px|0&#8243; custom_padding_phone=&#8220;&#8220; padding_mobile=&#8220;off&#8220; collapsed=&#8220;off&#8220;][et_pb_row column_structure=&#8220;1_2,1_2&#8243; padding_mobile=&#8220;off&#8220; column_padding_mobile=&#8220;on&#8220; admin_label=&#8220;Row&#8220; _builder_version=&#8220;3.25&#8243; background_size=&#8220;initial&#8220; background_position=&#8220;top_left&#8220; background_repeat=&#8220;repeat&#8220; custom_padding=&#8220;10%||5%|&#8220; make_fullwidth=&#8220;off&#8220; use_custom_width=&#8220;off&#8220; width_unit=&#8220;on&#8220;][et_pb_column type=&#8220;1_2&#8243; _builder_version=&#8220;3.25&#8243; custom_padding=&#8220;|||&#8220; custom_padding__hover=&#8220;|||&#8220;][\/et_pb_column][et_pb_column type=&#8220;1_2&#8243; _builder_version=&#8220;3.25&#8243; custom_padding=&#8220;|||&#8220; custom_padding__hover=&#8220;|||&#8220;][et_pb_divider show_divider=&#8220;off&#8220; disabled_on=&#8220;on|on|off&#8220; _builder_version=&#8220;3.23.4&#8243; height=&#8220;200px&#8220; hide_on_mobile=&#8220;on&#8220;] [\/et_pb_divider][\/et_pb_column][\/et_pb_row][\/et_pb_section][et_pb_section fb_built=&#8220;1&#8243; _builder_version=&#8220;3.22&#8243;][et_pb_row _builder_version=&#8220;3.25&#8243; background_size=&#8220;initial&#8220; background_position=&#8220;top_left&#8220; background_repeat=&#8220;repeat&#8220;][et_pb_column type=&#8220;4_4&#8243; _builder_version=&#8220;3.25&#8243; custom_padding=&#8220;|||&#8220; custom_padding__hover=&#8220;|||&#8220;][et_pb_text admin_label=&#8220;discographie&#8220; _builder_version=&#8220;4.9.4&#8243; border_style=&#8220;solid&#8220;] Diskographie [\/et_pb_text][et_pb_toggle title=&#8220;Mozart &#8211; [&hellip;]<\/p>\n","protected":false},"author":1,"featured_media":0,"parent":0,"menu_order":50,"comment_status":"closed","ping_status":"closed","template":"","meta":{"_et_pb_use_builder":"on","_et_pb_old_content":"","_et_gb_content_width":""},"_links":{"self":[{"href":"https:\/\/www.lisasmirnova.com\/de\/wp-json\/wp\/v2\/pages\/28869"}],"collection":[{"href":"https:\/\/www.lisasmirnova.com\/de\/wp-json\/wp\/v2\/pages"}],"about":[{"href":"https:\/\/www.lisasmirnova.com\/de\/wp-json\/wp\/v2\/types\/page"}],"author":[{"embeddable":true,"href":"https:\/\/www.lisasmirnova.com\/de\/wp-json\/wp\/v2\/users\/1"}],"replies":[{"embeddable":true,"href":"https:\/\/www.lisasmirnova.com\/de\/wp-json\/wp\/v2\/comments?post=28869"}],"version-history":[{"count":32,"href":"https:\/\/www.lisasmirnova.com\/de\/wp-json\/wp\/v2\/pages\/28869\/revisions"}],"predecessor-version":[{"id":29580,"href":"https:\/\/www.lisasmirnova.com\/de\/wp-json\/wp\/v2\/pages\/28869\/revisions\/29580"}],"wp:attachment":[{"href":"https:\/\/www.lisasmirnova.com\/de\/wp-json\/wp\/v2\/media?parent=28869"}],"curies":[{"name":"wp","href":"https:\/\/api.w.org\/{rel}","templated":true}]}}