{"id":38,"date":"2017-07-13T22:31:20","date_gmt":"2017-07-13T20:31:20","guid":{"rendered":"http:\/\/www.lisasmirnova.com\/de\/?page_id=38"},"modified":"2024-01-22T17:57:14","modified_gmt":"2024-01-22T16:57:14","slug":"lisa-smirnova","status":"publish","type":"page","link":"https:\/\/www.lisasmirnova.com\/de\/","title":{"rendered":"Lisa Smirnova"},"content":{"rendered":"<p>[et_pb_section fb_built=&#8220;1&#8243; fullwidth=&#8220;on&#8220; _builder_version=&#8220;3.22&#8243;][et_pb_fullwidth_header text_orientation=&#8220;center&#8220; header_fullscreen=&#8220;on&#8220; header_scroll_down=&#8220;on&#8220; scroll_down_icon=&#8220;%%1%%&#8220; scroll_down_icon_color=&#8220;#750050&#8243; content_max_width=&#8220;none&#8220; _builder_version=&#8220;3.16&#8243; background_color=&#8220;rgba(255, 255, 255, 0)&#8220; background_image=&#8220;https:\/\/www.lisasmirnova.com\/de\/wp-content\/uploads\/2017\/07\/lisa_smirnova_pianistin.jpg&#8220; background_layout=&#8220;light&#8220; button_one_letter_spacing_hover=&#8220;0&#8243; button_two_letter_spacing_hover=&#8220;0&#8243; button_one_text_size__hover_enabled=&#8220;off&#8220; button_two_text_size__hover_enabled=&#8220;off&#8220; button_one_text_color__hover_enabled=&#8220;off&#8220; button_two_text_color__hover_enabled=&#8220;off&#8220; button_one_border_width__hover_enabled=&#8220;off&#8220; button_two_border_width__hover_enabled=&#8220;off&#8220; button_one_border_color__hover_enabled=&#8220;off&#8220; button_two_border_color__hover_enabled=&#8220;off&#8220; button_one_border_radius__hover_enabled=&#8220;off&#8220; button_two_border_radius__hover_enabled=&#8220;off&#8220; button_one_letter_spacing__hover_enabled=&#8220;on&#8220; button_one_letter_spacing__hover=&#8220;0&#8243; button_two_letter_spacing__hover_enabled=&#8220;on&#8220; button_two_letter_spacing__hover=&#8220;0&#8243; button_one_bg_color__hover_enabled=&#8220;off&#8220; button_two_bg_color__hover_enabled=&#8220;off&#8220;][\/et_pb_fullwidth_header][\/et_pb_section][et_pb_section fb_built=&#8220;1&#8243; _builder_version=&#8220;3.22&#8243; background_color=&#8220;#cccccc&#8220;][et_pb_row _builder_version=&#8220;3.25&#8243; background_size=&#8220;initial&#8220; background_position=&#8220;top_left&#8220; background_repeat=&#8220;repeat&#8220;][et_pb_column type=&#8220;4_4&#8243; _builder_version=&#8220;3.25&#8243; custom_padding=&#8220;|||&#8220; custom_padding__hover=&#8220;|||&#8220;][et_pb_text admin_label=&#8220;Zitat Lisa Smirnova&#8220; _builder_version=&#8220;3.27.4&#8243; text_font=&#8220;Playfair Display||||&#8220; header_font=&#8220;Playfair Display||||&#8220; border_style=&#8220;solid&#8220;]<\/p>\n<blockquote>\n<h2 style=\"font-size: 20px;\">Das Geheimnis gro\u00dfer Musik kommt aus dem tiefsten Inneren und entsteht immer nur dann, wenn Authentizit\u00e4t, Intelligenz, Lebendigkeit und guter Geschmack zueinander finden.<br \/>\nEin gro\u00dfartiges musikalisches Erlebnis muss ein Leuchtturm im Meer kommerziell motivierter Absichten sein.<br \/>\nIch versuche mit jedem Ton, jeder Geste, daran zu erinnern.<\/h2>\n<p><strong>Lisa Smirnova<\/strong> Pianistin<\/p><\/blockquote>\n<p>[\/et_pb_text][\/et_pb_column][\/et_pb_row][\/et_pb_section][et_pb_section fb_built=&#8220;1&#8243; _builder_version=&#8220;3.22&#8243;][et_pb_row column_structure=&#8220;1_3,2_3&#8243; _builder_version=&#8220;3.25&#8243;][et_pb_column type=&#8220;1_3&#8243; _builder_version=&#8220;3.25&#8243; custom_padding=&#8220;|||&#8220; custom_padding__hover=&#8220;|||&#8220;][\/et_pb_column][et_pb_column type=&#8220;2_3&#8243; _builder_version=&#8220;3.25&#8243; custom_padding=&#8220;|||&#8220; custom_padding__hover=&#8220;|||&#8220;][et_pb_text admin_label=&#8220;kurzbiografie ueber lisa smirnova&#8220; _builder_version=&#8220;3.27.4&#8243; border_style=&#8220;solid&#8220;]Die bemerkenswerte<strong> Pianistin Lisa Smirnova<\/strong> ist eine der authentischsten K\u00fcnstlerpers\u00f6nlichkeiten die heute auf den internationalen Konzertpodien zu h\u00f6ren ist.<\/p>\n<p>Tief verwurzelt in der Musik des Barock und der Klassik, ist sie heute als ausgewiesene Mozartspezialistin bekannt, als eine von Kritikern gew\u00fcrdigte Interpretin der Klavierwerke von Bach, H\u00e4ndel und Scarlatti, sowie als eine Koryph\u00e4e zeitgen\u00f6ssischer Werke.<\/p>\n<p>Die Aufnahmen von Lisa Smirnova werden von der Kritik gepriesen, einen H\u00f6hepunkt bildet die Einspielung der <a href=\"http:\/\/player.ecmrecords.com\/smirnova\" target=\"_blank\" rel=\"noopener noreferrer\"><strong>Acht Londoner Suiten von Georg Friedrich H\u00e4ndel<\/strong><\/a> (2012, ECM New Series).<\/p>\n<p>Aus dem stetig wachsenden Wunsch, ein umfassendes, historisch informiertes Klangbild auf modernem Fl\u00fcgel in einer den klassischen Werken angemessenen Besetzung besser gestalten zu k\u00f6nnen, gr\u00fcndete Lisa Smirnova 2007 das New Classic Ensemble Vienna.<\/p>\n<p>Lisa Smirnova lebt heute in Wien und D\u00fcsseldorf.<br \/>\n[\/et_pb_text][\/et_pb_column][\/et_pb_row][et_pb_row _builder_version=&#8220;3.25&#8243; background_size=&#8220;initial&#8220; background_position=&#8220;top_left&#8220; background_repeat=&#8220;repeat&#8220;][et_pb_column type=&#8220;4_4&#8243; _builder_version=&#8220;3.25&#8243; custom_padding=&#8220;|||&#8220; custom_padding__hover=&#8220;|||&#8220;][et_pb_text admin_label=&#8220;zitat Wolfram Goertz&#8220; _builder_version=&#8220;3.27.4&#8243; text_font=&#8220;Playfair Display||||&#8220; header_font=&#8220;Playfair Display||||&#8220; border_style=&#8220;solid&#8220;]<\/p>\n<blockquote>\n<h2>&#8230; Die in Moskau geborene, in \u00d6sterreich lebende Smirnova spielt in der Kategorie von Glenn Gould, jeder andere Vergleich w\u00e4re unstatthaft\u00a0\u2013 und war nicht zu ahnen. Ernst, Tiefe, Spritzigkeit, Witz, Charme: Smirnova spielt uns schwindlig vor Vergn\u00fcgen &#8230;<\/h2>\n<\/blockquote>\n<p><strong>Wolfram Goertz, Rheinische Post<\/strong><br \/>\n[\/et_pb_text][\/et_pb_column][\/et_pb_row][\/et_pb_section][et_pb_section fb_built=&#8220;1&#8243; admin_label=&#8220;Section&#8220; module_id=&#8220;dotover&#8220; _builder_version=&#8220;3.22&#8243; background_color=&#8220;#ffffff&#8220; background_image=&#8220;https:\/\/www.lisasmirnova.com\/de\/wp-content\/uploads\/2017\/07\/lisa_smirnova_termine.jpg&#8220; parallax=&#8220;on&#8220; parallax_method=&#8220;off&#8220; custom_padding=&#8220;0px|0px|0px|0px&#8220; custom_padding_tablet=&#8220;0px|0px|0px|0px&#8220; custom_css_after=&#8220;content: %22%22;||background: url(&#8218;https:\/\/www.infiniteimagination.com.au\/business\/wp-content\/uploads\/2016\/09\/texture.png&#8216;) repeat;||top: 0;||left: 0;||bottom: 0;||right: 0;||position: absolute;||z-index: 1;||&#8220; padding_mobile=&#8220;on&#8220; collapsed=&#8220;off&#8220;][et_pb_row column_structure=&#8220;1_2,1_2&#8243; use_custom_gutter=&#8220;on&#8220; gutter_width=&#8220;1&#8243; padding_mobile=&#8220;on&#8220; make_equal=&#8220;on&#8220; column_padding_mobile=&#8220;on&#8220; custom_padding_last_edited=&#8220;on|desktop&#8220; admin_label=&#8220;Row&#8220; module_class=&#8220; et_pb_row_fullwidth&#8220; _builder_version=&#8220;3.25&#8243; background_size=&#8220;initial&#8220; background_position=&#8220;top_left&#8220; background_repeat=&#8220;repeat&#8220; width=&#8220;100%&#8220; width_tablet=&#8220;100%&#8220; width_phone=&#8220;&#8220; width_last_edited=&#8220;on|desktop&#8220; max_width=&#8220;100%&#8220; max_width_tablet=&#8220;100%&#8220; max_width_phone=&#8220;&#8220; max_width_last_edited=&#8220;on|desktop&#8220; custom_padding=&#8220;0px|0px|0px|0px&#8220; custom_padding_tablet=&#8220;&#8220; custom_padding_phone=&#8220;&#8220; make_fullwidth=&#8220;on&#8220; use_custom_width=&#8220;off&#8220; width_unit=&#8220;on&#8220;][et_pb_column type=&#8220;1_2&#8243; _builder_version=&#8220;3.25&#8243; background_color=&#8220;rgba(0,0,0,0.39)&#8220; custom_padding=&#8220;|||10%&#8220; custom_padding_tablet=&#8220;|4%||4%&#8220; custom_padding_phone=&#8220;|3%||3%&#8220; custom_padding_last_edited=&#8220;on|tablet&#8220; custom_padding__hover=&#8220;|||&#8220;][et_pb_cta admin_label=&#8220;naechste projekte&#8220; module_id=&#8220;toptext&#8220; _builder_version=&#8220;3.16&#8243; header_font=&#8220;Playfair Display||||&#8220; header_text_color=&#8220;#ffffff&#8220; header_font_size=&#8220;46&#8243; header_line_height=&#8220;1.5em&#8220; body_text_color=&#8220;#ffffff&#8220; body_font_size=&#8220;18&#8243; body_line_height=&#8220;1.5em&#8220; use_background_color=&#8220;off&#8220; background_size=&#8220;initial&#8220; background_position=&#8220;top_left&#8220; background_repeat=&#8220;repeat&#8220; custom_button=&#8220;on&#8220; button_text_color=&#8220;#ffffff&#8220; button_bg_color=&#8220;rgba(0,0,0,0)&#8220; button_border_color=&#8220;rgba(255,255,255,0.6)&#8220; button_border_radius=&#8220;0&#8243; button_font=&#8220;Oswald||||&#8220; button_icon=&#8220;%%24%%&#8220; custom_padding=&#8220;30%||30%|&#8220; custom_padding_tablet=&#8220;10%||10%|&#8220; custom_padding_phone=&#8220;&#8220; custom_padding_last_edited=&#8220;on|phone&#8220; header_font_size_tablet=&#8220;40&#8243; header_font_size_phone=&#8220;36&#8243; header_font_size_last_edited=&#8220;on|desktop&#8220; body_font_size_tablet=&#8220;&#8220; body_font_size_phone=&#8220;&#8220; body_font_size_last_edited=&#8220;on|desktop&#8220; custom_css_main_element=&#8220;position: relative; z-index: 3;&#8220; custom_css_promo_button=&#8220;margin-top: 30px;&#8220; custom_css_promo_title=&#8220;font-weight: 800;&#8220; border_style=&#8220;solid&#8220; button_text_color_hover=&#8220;#ffffff&#8220; button_border_color_hover=&#8220;rgba(0,0,0,0)&#8220; button_border_radius_hover=&#8220;0&#8243; button_letter_spacing_hover=&#8220;3&#8243; button_bg_color_hover=&#8220;rgba(255,255,255,0.2)&#8220; button_text_size__hover_enabled=&#8220;off&#8220; button_one_text_size__hover_enabled=&#8220;off&#8220; button_two_text_size__hover_enabled=&#8220;off&#8220; button_text_color__hover_enabled=&#8220;on&#8220; button_text_color__hover=&#8220;#ffffff&#8220; button_one_text_color__hover_enabled=&#8220;off&#8220; button_two_text_color__hover_enabled=&#8220;off&#8220; button_border_width__hover_enabled=&#8220;off&#8220; button_one_border_width__hover_enabled=&#8220;off&#8220; button_two_border_width__hover_enabled=&#8220;off&#8220; button_border_color__hover_enabled=&#8220;on&#8220; button_border_color__hover=&#8220;rgba(0,0,0,0)&#8220; button_one_border_color__hover_enabled=&#8220;off&#8220; button_two_border_color__hover_enabled=&#8220;off&#8220; button_border_radius__hover_enabled=&#8220;on&#8220; button_border_radius__hover=&#8220;0&#8243; button_one_border_radius__hover_enabled=&#8220;off&#8220; button_two_border_radius__hover_enabled=&#8220;off&#8220; button_letter_spacing__hover_enabled=&#8220;on&#8220; button_letter_spacing__hover=&#8220;3&#8243; button_one_letter_spacing__hover_enabled=&#8220;off&#8220; button_two_letter_spacing__hover_enabled=&#8220;off&#8220; button_bg_color__hover_enabled=&#8220;on&#8220; button_bg_color__hover=&#8220;rgba(255,255,255,0.2)&#8220; button_one_bg_color__hover_enabled=&#8220;off&#8220; button_two_bg_color__hover_enabled=&#8220;off&#8220;]<\/p>\n<h2 style=\"text-align: center; font-weight: normal;\">N\u00e4chste Projekte<\/h2>\n<p>[\/et_pb_cta][\/et_pb_column][et_pb_column type=&#8220;1_2&#8243; _builder_version=&#8220;3.25&#8243; background_color=&#8220;rgba(0,0,0,0.74)&#8220; custom_padding=&#8220;5%|10%|5%|2%&#8220; custom_padding_tablet=&#8220;5%|5px|5%|15px&#8220; custom_padding_phone=&#8220;&#8220; custom_padding_last_edited=&#8220;on|tablet&#8220; custom_padding__hover=&#8220;|||&#8220;][et_pb_divider show_divider=&#8220;off&#8220; disabled_on=&#8220;on|on|off&#8220; _builder_version=&#8220;3.23.4&#8243; height=&#8220;50px&#8220; hide_on_mobile=&#8220;on&#8220;][\/et_pb_divider][et_pb_blurb title=&#8220;Remagen&#8220; url_new_window=&#8220;on&#8220; image_max_width=&#8220;none&#8220; admin_label=&#8220;20240225 Arp Museum&#8220; module_id=&#8220;toptext&#8220; _builder_version=&#8220;4.9.4&#8243; header_font=&#8220;Open Sans|||on|&#8220; header_text_color=&#8220;#750050&#8243; header_font_size=&#8220;14&#8243; header_line_height=&#8220;1.4em&#8220; body_font=&#8220;Open Sans||||&#8220; body_text_color=&#8220;#ffffff&#8220; body_line_height=&#8220;1.5em&#8220; background_size=&#8220;initial&#8220; background_position=&#8220;top_left&#8220; background_repeat=&#8220;repeat&#8220; background_layout=&#8220;dark&#8220; custom_padding=&#8220;10px||20px|&#8220; custom_css_main_element=&#8220;position: relative; z-index: 3;&#8220; custom_css_blurb_title=&#8220;font-weight: 800;&#8220; border_style=&#8220;solid&#8220;]<\/p>\n<p><strong><b>Arp Museum Bahnhof Rolandseck <\/b>| Ausstellungser\u00f6ffnung: Maestras <\/strong>| 25. Februar 2024, ab 14 Uhr | Klavierwerke von \u00c9lisabeth Jacquet de La Guerre, Marianna Martines, Fanny Hensel-Mendelssohn<\/p>\n<p><a href=\"https:\/\/arpmuseum.org\/veranstaltungen.html\" target=\"_blank\" rel=\"noopener\">Weitere Informationen<\/a><\/p>\n<p>[\/et_pb_blurb][et_pb_blurb title=&#8220;Haan&#8220; url_new_window=&#8220;on&#8220; image_max_width=&#8220;none&#8220; admin_label=&#8220;20240309 Haan&#8220; module_id=&#8220;toptext&#8220; _builder_version=&#8220;4.9.4&#8243; header_font=&#8220;Open Sans|||on|&#8220; header_text_color=&#8220;#750050&#8243; header_font_size=&#8220;14&#8243; header_line_height=&#8220;1.4em&#8220; body_font=&#8220;Open Sans||||&#8220; body_text_color=&#8220;#ffffff&#8220; body_line_height=&#8220;1.5em&#8220; background_size=&#8220;initial&#8220; background_position=&#8220;top_left&#8220; background_repeat=&#8220;repeat&#8220; background_layout=&#8220;dark&#8220; custom_padding=&#8220;10px||20px|&#8220; custom_css_main_element=&#8220;position: relative; z-index: 3;&#8220; custom_css_blurb_title=&#8220;font-weight: 800;&#8220; border_style=&#8220;solid&#8220;]<\/p>\n<p><strong>auto-nobel Haan | Klassik Fusion Lounge I <\/strong>| 9. M\u00e4rz 2024, 19 Uhr<\/p>\n<p>[\/et_pb_blurb][et_pb_blurb title=&#8220;Wuppertal&#8220; url_new_window=&#8220;on&#8220; image_max_width=&#8220;none&#8220; admin_label=&#8220;20240310 Wuppertal&#8220; module_id=&#8220;toptext&#8220; _builder_version=&#8220;4.9.4&#8243; header_font=&#8220;Open Sans|||on|&#8220; header_text_color=&#8220;#750050&#8243; header_font_size=&#8220;14&#8243; header_line_height=&#8220;1.4em&#8220; body_font=&#8220;Open Sans||||&#8220; body_text_color=&#8220;#ffffff&#8220; body_line_height=&#8220;1.5em&#8220; background_size=&#8220;initial&#8220; background_position=&#8220;top_left&#8220; background_repeat=&#8220;repeat&#8220; background_layout=&#8220;dark&#8220; custom_padding=&#8220;10px||20px|&#8220; hover_enabled=&#8220;0&#8243; custom_css_main_element=&#8220;position: relative; z-index: 3;&#8220; custom_css_blurb_title=&#8220;font-weight: 800;&#8220; border_style=&#8220;solid&#8220; sticky_enabled=&#8220;0&#8243;]<\/p>\n<p><strong>INSEL e.V. Wuppertal | <\/strong><strong>Kultur im ADA <\/strong>| 10. M\u00e4rz 2024, 18 Uhr | Werke von Johann Sebastian Bach, Sergej Prokofiew und John Cage | Mit Sophia Otto (Tanz) und duo micans (Violinen, Improvisation)<\/p>\n<p>[\/et_pb_blurb][\/et_pb_column][\/et_pb_row][\/et_pb_section][et_pb_section fb_built=&#8220;1&#8243; _builder_version=&#8220;3.22&#8243; background_color=&#8220;#232323&#8243;][et_pb_row column_structure=&#8220;1_4,1_4,1_4,1_4&#8243; _builder_version=&#8220;3.0.62&#8243; background_size=&#8220;initial&#8220; background_position=&#8220;top_left&#8220; background_repeat=&#8220;repeat&#8220; global_module=&#8220;28935&#8243;][et_pb_column type=&#8220;1_4&#8243; _builder_version=&#8220;3.0.47&#8243; background_position=&#8220;top_left&#8220; custom_padding=&#8220;|||&#8220; custom_padding__hover=&#8220;|||&#8220;][et_pb_text admin_label=&#8220;folge lisa&#8220; _builder_version=&#8220;3.27.4&#8243; text_font=&#8220;Oswald|||on|&#8220; text_text_color=&#8220;#ffffff&#8220; text_font_size=&#8220;16&#8243; text_letter_spacing=&#8220;2px&#8220; background_size=&#8220;initial&#8220; background_position=&#8220;top_left&#8220; background_repeat=&#8220;repeat&#8220; background_layout=&#8220;dark&#8220; border_style=&#8220;solid&#8220;]<\/p>\n<p>Folge Lisa Smirnova<\/p>\n<p>[\/et_pb_text][et_pb_social_media_follow url_new_window=&#8220;off&#8220; admin_label=&#8220;Social Media Follow&#8220; module_id=&#8220;toptext&#8220; _builder_version=&#8220;3.0.87&#8243; background_layout=&#8220;dark&#8220; custom_css_main_element=&#8220;margin: 1% auto;&#8220; border_radii=&#8220;on|100%|100%|100%|100%&#8220; link_shape=&#8220;circle&#8220;][et_pb_social_media_follow_network social_network=&#8220;facebook&#8220; url=&#8220;https:\/\/www.facebook.com\/LisaSmirnovaPianist&#8220; _builder_version=&#8220;3.0.74&#8243; background_color=&#8220;#750050&#8243; bg_color=&#8220;#750050&#8243; link_shape=&#8220;circle&#8220; follow_button=&#8220;off&#8220; url_new_window=&#8220;off&#8220;] Facebook [\/et_pb_social_media_follow_network][et_pb_social_media_follow_network social_network=&#8220;youtube&#8220; url=&#8220;https:\/\/www.youtube.com\/channel\/UCSrZyJCKHUcRacsd3pV3RHg\/videos&#8220; _builder_version=&#8220;3.0.74&#8243; background_color=&#8220;#750050&#8243; bg_color=&#8220;#750050&#8243; link_shape=&#8220;circle&#8220; follow_button=&#8220;off&#8220; url_new_window=&#8220;off&#8220;] Youtube [\/et_pb_social_media_follow_network][\/et_pb_social_media_follow][\/et_pb_column][et_pb_column type=&#8220;1_4&#8243; _builder_version=&#8220;3.0.47&#8243; background_position=&#8220;top_left&#8220; custom_padding=&#8220;|||&#8220; custom_padding__hover=&#8220;|||&#8220;][et_pb_text admin_label=&#8220;europa&#8220; _builder_version=&#8220;3.27.4&#8243; text_font_size=&#8220;13&#8243; header_font_size=&#8220;14px&#8220; border_style=&#8220;solid&#8220;]<\/p>\n<p><strong>EUROPA<\/strong><br \/>Christiane Gonzalez Mayoral<strong><br \/><\/strong>K\u00fcnstlermanagement<br \/>Krummgasse 14\/8,<br \/>1030 Wien \/ \u00d6sterreich<br \/>Telefon: +43 (676) 646 47 05<br \/><a href=\"mailto:office@mayoral-artists.com\" target=\"_blank\" rel=\"noopener noreferrer\">office@mayoral-artists.com<\/a><\/p>\n<p>[\/et_pb_text][\/et_pb_column][et_pb_column type=&#8220;1_4&#8243; _builder_version=&#8220;3.0.47&#8243; background_position=&#8220;top_left&#8220; custom_padding=&#8220;|||&#8220; custom_padding__hover=&#8220;|||&#8220;][et_pb_text admin_label=&#8220;amerika&#8220; _builder_version=&#8220;3.27.4&#8243; text_font_size=&#8220;13&#8243; header_font_size=&#8220;14px&#8220; border_style=&#8220;solid&#8220;]<\/p>\n<p><strong>NORDAMERIKA<\/strong><br \/>Classics Alive Artists<strong><br \/><\/strong>Jean Schreiber<br \/>24628 Gardenstone Ln.<br \/>West Hills, CA 91307 USA<br \/>Telefon: +1 (818) 209-1030<a href=\"mailto:contact@ClassicsAliveArtists.org\" target=\"_blank\" rel=\"noopener noreferrer\"><br \/>contact@ClassicsAliveArtists.org<\/a><\/p>\n<p>[\/et_pb_text][\/et_pb_column][et_pb_column type=&#8220;1_4&#8243; _builder_version=&#8220;3.0.47&#8243; background_position=&#8220;top_left&#8220; custom_padding=&#8220;|||&#8220; custom_padding__hover=&#8220;|||&#8220;][\/et_pb_column][\/et_pb_row][\/et_pb_section]<\/p>\n","protected":false},"excerpt":{"rendered":"<p>[et_pb_section fb_built=&#8220;1&#8243; fullwidth=&#8220;on&#8220; _builder_version=&#8220;3.22&#8243;][et_pb_fullwidth_header text_orientation=&#8220;center&#8220; header_fullscreen=&#8220;on&#8220; header_scroll_down=&#8220;on&#8220; scroll_down_icon=&#8220;%%1%%&#8220; scroll_down_icon_color=&#8220;#750050&#8243; content_max_width=&#8220;none&#8220; _builder_version=&#8220;3.16&#8243; background_color=&#8220;rgba(255, 255, 255, 0)&#8220; background_image=&#8220;https:\/\/www.lisasmirnova.com\/de\/wp-content\/uploads\/2017\/07\/lisa_smirnova_pianistin.jpg&#8220; background_layout=&#8220;light&#8220; button_one_letter_spacing_hover=&#8220;0&#8243; button_two_letter_spacing_hover=&#8220;0&#8243; button_one_text_size__hover_enabled=&#8220;off&#8220; button_two_text_size__hover_enabled=&#8220;off&#8220; button_one_text_color__hover_enabled=&#8220;off&#8220; button_two_text_color__hover_enabled=&#8220;off&#8220; button_one_border_width__hover_enabled=&#8220;off&#8220; button_two_border_width__hover_enabled=&#8220;off&#8220; button_one_border_color__hover_enabled=&#8220;off&#8220; button_two_border_color__hover_enabled=&#8220;off&#8220; button_one_border_radius__hover_enabled=&#8220;off&#8220; button_two_border_radius__hover_enabled=&#8220;off&#8220; button_one_letter_spacing__hover_enabled=&#8220;on&#8220; button_one_letter_spacing__hover=&#8220;0&#8243; button_two_letter_spacing__hover_enabled=&#8220;on&#8220; button_two_letter_spacing__hover=&#8220;0&#8243; button_one_bg_color__hover_enabled=&#8220;off&#8220; button_two_bg_color__hover_enabled=&#8220;off&#8220;][\/et_pb_fullwidth_header][\/et_pb_section][et_pb_section fb_built=&#8220;1&#8243; _builder_version=&#8220;3.22&#8243; background_color=&#8220;#cccccc&#8220;][et_pb_row _builder_version=&#8220;3.25&#8243; background_size=&#8220;initial&#8220; background_position=&#8220;top_left&#8220; background_repeat=&#8220;repeat&#8220;][et_pb_column type=&#8220;4_4&#8243; _builder_version=&#8220;3.25&#8243; custom_padding=&#8220;|||&#8220; custom_padding__hover=&#8220;|||&#8220;][et_pb_text admin_label=&#8220;Zitat Lisa Smirnova&#8220; _builder_version=&#8220;3.27.4&#8243; text_font=&#8220;Playfair Display||||&#8220; header_font=&#8220;Playfair Display||||&#8220; border_style=&#8220;solid&#8220;] [&hellip;]<\/p>\n","protected":false},"author":1,"featured_media":0,"parent":0,"menu_order":10,"comment_status":"closed","ping_status":"closed","template":"","meta":{"_et_pb_use_builder":"on","_et_pb_old_content":"","_et_gb_content_width":""},"_links":{"self":[{"href":"https:\/\/www.lisasmirnova.com\/de\/wp-json\/wp\/v2\/pages\/38"}],"collection":[{"href":"https:\/\/www.lisasmirnova.com\/de\/wp-json\/wp\/v2\/pages"}],"about":[{"href":"https:\/\/www.lisasmirnova.com\/de\/wp-json\/wp\/v2\/types\/page"}],"author":[{"embeddable":true,"href":"https:\/\/www.lisasmirnova.com\/de\/wp-json\/wp\/v2\/users\/1"}],"replies":[{"embeddable":true,"href":"https:\/\/www.lisasmirnova.com\/de\/wp-json\/wp\/v2\/comments?post=38"}],"version-history":[{"count":176,"href":"https:\/\/www.lisasmirnova.com\/de\/wp-json\/wp\/v2\/pages\/38\/revisions"}],"predecessor-version":[{"id":29818,"href":"https:\/\/www.lisasmirnova.com\/de\/wp-json\/wp\/v2\/pages\/38\/revisions\/29818"}],"wp:attachment":[{"href":"https:\/\/www.lisasmirnova.com\/de\/wp-json\/wp\/v2\/media?parent=38"}],"curies":[{"name":"wp","href":"https:\/\/api.w.org\/{rel}","templated":true}]}}